{"id":1206,"date":"2024-01-04T11:02:22","date_gmt":"2024-01-04T10:02:22","guid":{"rendered":"https:\/\/escorts-madrid.com\/avis-juridique\/"},"modified":"2025-08-19T13:14:20","modified_gmt":"2025-08-19T11:14:20","slug":"avis-juridique","status":"publish","type":"page","link":"https:\/\/escorts-madrid.com\/fr\/avis-juridique\/","title":{"rendered":"Avis juridique"},"content":{"rendered":"<section class=\"l-section wpb_row height_large\"><div class=\"l-section-h i-cf\"><div class=\"g-cols vc_row via_grid cols_1 laptops-cols_inherit tablets-cols_inherit mobiles-cols_1 valign_top type_default stacking_default\"><div class=\"wpb_column vc_column_container\"><div class=\"vc_column-inner\"><div class=\"wpb_text_column\"><div class=\"wpb_wrapper\"><h1><strong>Mentions l\u00e9gales<\/strong><\/h1>\n<p><strong>1. LE PROPRI\u00c9TAIRE DU SITE ET SES COORDONN\u00c9ES<\/strong><\/p>\n<p>escorts-madrid.com est un domaine Internet appartenant \u00e0 escorts-madrid.com. (ci-apr\u00e8s, l&rsquo;entreprise) avec CIF\/NIF xxxxx et adresse \u00e0 xxxxxxxxx Madrid.<\/p>\n<p>Le site web a pour but de faire conna\u00eetre les services fournis par l&rsquo;entreprise et d&rsquo;\u00e9tablir un outil de contact pour les collaborateurs et leurs clients.<\/p>\n<p>N&rsquo;h\u00e9sitez pas \u00e0 nous contacter :<\/p>\n<p>Par courrier \u00e9lectronique, \u00e0 l&rsquo;adresse info@escorts-madrid.com Par courrier \u00e0 l&rsquo;adresse xxxxxxxx Madrid<\/p>\n<p>Pour toute information compl\u00e9mentaire, n&rsquo;h\u00e9sitez pas \u00e0 nous contacter.<\/p>\n<p><strong>2. CONDITIONS D&rsquo;UTILISATION DU SITE WEB<\/strong><\/p>\n<p>Les pr\u00e9sentes conditions d&rsquo;utilisation r\u00e9gissent l&rsquo;acc\u00e8s \u00e0 ce site web par les clients de l&rsquo;Entreprise et les autres utilisateurs d&rsquo;Internet. L&rsquo;entreprise se r\u00e9serve le droit unilat\u00e9ral de modifier les pr\u00e9sentes conditions d&rsquo;acc\u00e8s au site web, ainsi que les contenus qui y sont inclus.<\/p>\n<p><strong>3. LIMITATION ET EXCLUSION DE LA RESPONSABILIT\u00c9<\/strong><\/p>\n<p>Le contenu de ce site web est de nature g\u00e9n\u00e9rale et n&rsquo;est fourni qu&rsquo;\u00e0 titre d&rsquo;information. L&rsquo;entreprise d\u00e9cline toute responsabilit\u00e9 pour toute information non produite par elle ou publi\u00e9e en son nom d&rsquo;une mani\u00e8re non autoris\u00e9e par elle, ainsi que toute responsabilit\u00e9 d\u00e9coulant de l&rsquo;utilisation abusive du contenu par des tiers.<\/p>\n<p>L&rsquo;utilisateur exon\u00e8re l&rsquo;Entreprise de toute responsabilit\u00e9 pouvant d\u00e9couler d&rsquo;interruptions dans la disponibilit\u00e9 du site web, qu&rsquo;elles soient dues \u00e0 un mauvais fonctionnement du serveur web ou des applications, des infrastructures de communication, ou des logiciels et mat\u00e9riels utilis\u00e9s pour la navigation.<\/p>\n<p>Dans le cas o\u00f9 des liens vers d&rsquo;autres sites web sont inclus, elle d\u00e9cline toute responsabilit\u00e9 li\u00e9e \u00e0 l&rsquo;acc\u00e8s et \u00e0 l&rsquo;utilisation de ces liens.<\/p>\n<p><strong>4. PROPRI\u00c9T\u00c9 INTELLECTUELLE ET INDUSTRIELLE<\/strong><\/p>\n<p>L&rsquo;ensemble de ce site est prot\u00e9g\u00e9 par les lois sur la propri\u00e9t\u00e9 intellectuelle et industrielle. Sauf indication contraire, les droits de propri\u00e9t\u00e9 intellectuelle de ce contenu appartiennent exclusivement \u00e0 l&rsquo;entreprise. L&rsquo;utilisateur reconna\u00eet que l&rsquo;utilisation des contenus est strictement limit\u00e9e \u00e0 ses besoins personnels et que toute reproduction, distribution, communication ou transformation non autoris\u00e9e de ces \u0153uvres constitue une violation des droits de propri\u00e9t\u00e9 intellectuelle.<\/p>\n<p>De m\u00eame, l&rsquo;utilisateur s&rsquo;abstiendra d&rsquo;utiliser les contenus et, en particulier, les informations de toute nature obtenues par le biais du site web pour envoyer de la publicit\u00e9, des communications \u00e0 des fins de vente directe ou tout autre type de finalit\u00e9 commerciale, des messages non sollicit\u00e9s adress\u00e9s \u00e0 un certain nombre de personnes ind\u00e9pendamment de leur finalit\u00e9. Il s&rsquo;abstient \u00e9galement de commercialiser ou de divulguer de quelque mani\u00e8re que ce soit ces informations.<\/p>\n<p>escorts-madrid.com est un domaine de l&rsquo;entreprise. Il ne peut \u00eatre utilis\u00e9, sauf autorisation expresse pr\u00e9alable, en relation avec des produits ou services autres que ceux de l&rsquo;entreprise ou d&rsquo;une mani\u00e8re susceptible de cr\u00e9er une confusion parmi nos clients ou de jeter le discr\u00e9dit sur l&rsquo;entreprise.<\/p>\n<p><strong>5. POLITIQUE D&rsquo;\u00c9TABLISSEMENT DE LIENS VERS LE PR\u00c9SENT SITE WEB<\/strong><\/p>\n<p>Si un utilisateur, une entit\u00e9 ou un site web souhaite \u00e9tablir un lien quelconque avec le pr\u00e9sent site web, il doit en demander l&rsquo;autorisation par \u00e9crit au pr\u00e9alable.<\/p>\n<p>En outre, vous n&rsquo;\u00eates autoris\u00e9 \u00e0 \u00e9tablir un lien qu&rsquo;avec la page d&rsquo;accueil du site web. Le lien doit \u00eatre absolu et complet, c&rsquo;est-\u00e0-dire qu&rsquo;il doit amener l&rsquo;utilisateur \u00e0 l&rsquo;adresse elle-m\u00eame, en couvrant toute la taille de l&rsquo;\u00e9cran de la page contenant le lien. En aucun cas, sauf autorisation expresse et \u00e9crite de l&rsquo;Entreprise, la page qui \u00e9tablit le lien ne peut reproduire de quelque mani\u00e8re que ce soit le site web de l&rsquo;Entreprise, l&rsquo;inclure comme partie de son site web ou dans l&rsquo;un de ses cadres sur l&rsquo;une des pages ou l&rsquo;un des contenus de ce site web.<\/p>\n<p>Aucune d\u00e9claration fausse, inexacte ou incorrecte ne doit \u00eatre faite au sujet des pages de ce site web ou des services qui y sont offerts.<\/p>\n<p>Le lien ne doit pas contenir de marque, de nom commercial, d&rsquo;enseigne, de d\u00e9nomination, de logo, de slogan ou d&rsquo;autres signes distinctifs appartenant \u00e0 la Soci\u00e9t\u00e9.<\/p>\n<p>Elle n&rsquo;est en aucun cas responsable du contenu ou des services mis \u00e0 la disposition du public sur le site web \u00e0 partir duquel l&rsquo;hyperlien est \u00e9tabli, ni des informations ou d\u00e9clarations qui y sont incluses.<\/p>\n<p><strong>6. PROTECTION DES DONN\u00c9ES PERSONNELLES<\/strong><\/p>\n<p>L&rsquo;utilisation de ce site web et de ses formulaires implique l&rsquo;acceptation du traitement des donn\u00e9es des utilisateurs conform\u00e9ment \u00e0 notre politique de confidentialit\u00e9, y compris la collecte des donn\u00e9es d&rsquo;acc\u00e8s et l&rsquo;envoi d&rsquo;informations commerciales par voie \u00e9lectronique.<\/p>\n<p>Veuillez lire attentivement notre politique de confidentialit\u00e9 pour savoir comment nous utilisons les donn\u00e9es des utilisateurs et comment exercer vos droits d&rsquo;acc\u00e8s, de rectification, d&rsquo;annulation, d&rsquo;opposition et autres droits.<\/p>\n<p><strong>7. COOKIES<\/strong><\/p>\n<p>Ce site web utilise ses propres cookies et ceux de tiers \u00e0 diverses fins, y compris l&rsquo;analyse et la publicit\u00e9 adapt\u00e9es aux int\u00e9r\u00eats de l&rsquo;utilisateur. La simple utilisation de ce site web avec des cookies activ\u00e9s dans votre navigateur implique l&rsquo;acceptation de leur traitement conform\u00e9ment \u00e0 notre politique en mati\u00e8re de cookies.<\/p>\n<p>Veuillez lire attentivement notre politique en mati\u00e8re de cookies pour conna\u00eetre les types de cookies utilis\u00e9s et savoir comment les bloquer et les supprimer dans votre navigateur.<\/p>\n<p><strong>8. PR\u00c9VALENCE DE LA VERSION ESPAGNOLE<\/strong><\/p>\n<p>Si le pr\u00e9sent avis juridique est traduit dans d&rsquo;autres langues, en cas de divergence, la version espagnole pr\u00e9vaudra.<\/p>\n<p><strong>9. DROIT APPLICABLE ET JURIDICTION<\/strong><\/p>\n<p>Le pr\u00e9sent avis juridique, ainsi que les relations entre et parmi les utilisateurs, sont r\u00e9gis par la l\u00e9gislation espagnole en vigueur et tout litige sera soumis aux cours et tribunaux de BARCELONE, sauf dans le cas des consommateurs et des utilisateurs, qui seront soumis \u00e0 la juridiction obligatoire des tribunaux correspondant \u00e0 leur domicile.<\/p>\n<p>2025 escorts-madrid.com<\/p>\n<\/div><\/div><\/div><\/div><\/div><\/div><\/section>\n","protected":false},"excerpt":{"rendered":"Mentions l\u00e9gales 1. LE PROPRI\u00c9TAIRE DU SITE ET SES COORDONN\u00c9ES escorts-madrid.com est un domaine Internet appartenant \u00e0 escorts-madrid.com. (ci-apr\u00e8s, l&rsquo;entreprise) avec CIF\/NIF xxxxx et adresse \u00e0 xxxxxxxxx Madrid. Le site web a pour but de faire conna\u00eetre les services fournis par l&rsquo;entreprise et d&rsquo;\u00e9tablir un outil de contact pour les collaborateurs et leurs clients. N&rsquo;h\u00e9sitez...","protected":false},"author":1,"featured_media":0,"parent":0,"menu_order":0,"comment_status":"closed","ping_status":"closed","template":"","meta":{"_joinchat":[],"footnotes":""},"class_list":["post-1206","page","type-page","status-publish","hentry"],"yoast_head":"<!-- This site is optimized with the Yoast SEO plugin v27.0 - https:\/\/yoast.com\/product\/yoast-seo-wordpress\/ -->\n<title>Mentions l\u00e9gales | Escortes Madrid<\/title>\n<meta name=\"description\" content=\"Consultez les mentions l\u00e9gales. Informations concernant la propri\u00e9t\u00e9 du site web, les conditions d&#039;utilisation et les droits l\u00e9gaux li\u00e9s \u00e0 notre portail.\" \/>\n<meta name=\"robots\" content=\"noindex, follow\" \/>\n<meta property=\"og:locale\" content=\"fr_FR\" \/>\n<meta property=\"og:type\" content=\"article\" \/>\n<meta property=\"og:title\" content=\"Mentions l\u00e9gales | Escortes Madrid\" \/>\n<meta property=\"og:description\" content=\"Consultez les mentions l\u00e9gales. Informations concernant la propri\u00e9t\u00e9 du site web, les conditions d&#039;utilisation et les droits l\u00e9gaux li\u00e9s \u00e0 notre portail.\" \/>\n<meta property=\"og:url\" content=\"https:\/\/escorts-madrid.com\/fr\/avis-juridique\/\" \/>\n<meta property=\"og:site_name\" content=\"Escorts-Madrid.com\" \/>\n<meta property=\"article:modified_time\" content=\"2025-08-19T11:14:20+00:00\" \/>\n<meta property=\"og:image\" content=\"https:\/\/escorts-madrid.com\/wp-content\/uploads\/2025\/01\/chicas-de-lujo-en-madrid.jpg\" \/>\n\t<meta property=\"og:image:width\" content=\"1000\" \/>\n\t<meta property=\"og:image:height\" content=\"684\" \/>\n\t<meta property=\"og:image:type\" content=\"image\/jpeg\" \/>\n<meta name=\"twitter:card\" content=\"summary_large_image\" \/>\n<meta name=\"twitter:label1\" content=\"Dur\u00e9e de lecture estim\u00e9e\" \/>\n\t<meta name=\"twitter:data1\" content=\"5 minutes\" \/>\n<script type=\"application\/ld+json\" class=\"yoast-schema-graph\">{\"@context\":\"https:\/\/schema.org\",\"@graph\":[{\"@type\":\"WebPage\",\"@id\":\"https:\/\/escorts-madrid.com\/fr\/avis-juridique\/\",\"url\":\"https:\/\/escorts-madrid.com\/fr\/avis-juridique\/\",\"name\":\"Mentions l\u00e9gales | Escortes Madrid\",\"isPartOf\":{\"@id\":\"https:\/\/escorts-madrid.com\/fr\/#website\"},\"datePublished\":\"2024-01-04T10:02:22+00:00\",\"dateModified\":\"2025-08-19T11:14:20+00:00\",\"description\":\"Consultez les mentions l\u00e9gales. Informations concernant la propri\u00e9t\u00e9 du site web, les conditions d'utilisation et les droits l\u00e9gaux li\u00e9s \u00e0 notre portail.\",\"breadcrumb\":{\"@id\":\"https:\/\/escorts-madrid.com\/fr\/avis-juridique\/#breadcrumb\"},\"inLanguage\":\"fr-FR\",\"potentialAction\":[{\"@type\":\"ReadAction\",\"target\":[\"https:\/\/escorts-madrid.com\/fr\/avis-juridique\/\"]}]},{\"@type\":\"BreadcrumbList\",\"@id\":\"https:\/\/escorts-madrid.com\/fr\/avis-juridique\/#breadcrumb\",\"itemListElement\":[{\"@type\":\"ListItem\",\"position\":1,\"name\":\"Inicio\",\"item\":\"https:\/\/escorts-madrid.com\/fr\/escort-madrid\/\"},{\"@type\":\"ListItem\",\"position\":2,\"name\":\"Avis juridique\"}]},{\"@type\":\"WebSite\",\"@id\":\"https:\/\/escorts-madrid.com\/fr\/#website\",\"url\":\"https:\/\/escorts-madrid.com\/fr\/\",\"name\":\"Escorts-Madrid\",\"description\":\"Agencia de escorts Madrid\",\"publisher\":{\"@id\":\"https:\/\/escorts-madrid.com\/fr\/#organization\"},\"alternateName\":\"Escorts-Madrid.com\",\"potentialAction\":[{\"@type\":\"SearchAction\",\"target\":{\"@type\":\"EntryPoint\",\"urlTemplate\":\"https:\/\/escorts-madrid.com\/fr\/?s={search_term_string}\"},\"query-input\":{\"@type\":\"PropertyValueSpecification\",\"valueRequired\":true,\"valueName\":\"search_term_string\"}}],\"inLanguage\":\"fr-FR\"},{\"@type\":\"Organization\",\"@id\":\"https:\/\/escorts-madrid.com\/fr\/#organization\",\"name\":\"Escorts-Madrid.com\",\"alternateName\":\"Escorts-Madrid\",\"url\":\"https:\/\/escorts-madrid.com\/fr\/\",\"logo\":{\"@type\":\"ImageObject\",\"inLanguage\":\"fr-FR\",\"@id\":\"https:\/\/escorts-madrid.com\/fr\/#\/schema\/logo\/image\/\",\"url\":\"https:\/\/escorts-madrid.com\/wp-content\/uploads\/2023\/12\/logo-ok.png\",\"contentUrl\":\"https:\/\/escorts-madrid.com\/wp-content\/uploads\/2023\/12\/logo-ok.png\",\"width\":454,\"height\":170,\"caption\":\"Escorts-Madrid.com\"},\"image\":{\"@id\":\"https:\/\/escorts-madrid.com\/fr\/#\/schema\/logo\/image\/\"}}]}<\/script>\n<!-- \/ Yoast SEO plugin. -->","yoast_head_json":{"title":"Mentions l\u00e9gales | Escortes Madrid","description":"Consultez les mentions l\u00e9gales. Informations concernant la propri\u00e9t\u00e9 du site web, les conditions d'utilisation et les droits l\u00e9gaux li\u00e9s \u00e0 notre portail.","robots":{"index":"noindex","follow":"follow"},"og_locale":"fr_FR","og_type":"article","og_title":"Mentions l\u00e9gales | Escortes Madrid","og_description":"Consultez les mentions l\u00e9gales. Informations concernant la propri\u00e9t\u00e9 du site web, les conditions d'utilisation et les droits l\u00e9gaux li\u00e9s \u00e0 notre portail.","og_url":"https:\/\/escorts-madrid.com\/fr\/avis-juridique\/","og_site_name":"Escorts-Madrid.com","article_modified_time":"2025-08-19T11:14:20+00:00","og_image":[{"width":1000,"height":684,"url":"https:\/\/escorts-madrid.com\/wp-content\/uploads\/2025\/01\/chicas-de-lujo-en-madrid.jpg","type":"image\/jpeg"}],"twitter_card":"summary_large_image","twitter_misc":{"Dur\u00e9e de lecture estim\u00e9e":"5 minutes"},"schema":{"@context":"https:\/\/schema.org","@graph":[{"@type":"WebPage","@id":"https:\/\/escorts-madrid.com\/fr\/avis-juridique\/","url":"https:\/\/escorts-madrid.com\/fr\/avis-juridique\/","name":"Mentions l\u00e9gales | Escortes Madrid","isPartOf":{"@id":"https:\/\/escorts-madrid.com\/fr\/#website"},"datePublished":"2024-01-04T10:02:22+00:00","dateModified":"2025-08-19T11:14:20+00:00","description":"Consultez les mentions l\u00e9gales. Informations concernant la propri\u00e9t\u00e9 du site web, les conditions d'utilisation et les droits l\u00e9gaux li\u00e9s \u00e0 notre portail.","breadcrumb":{"@id":"https:\/\/escorts-madrid.com\/fr\/avis-juridique\/#breadcrumb"},"inLanguage":"fr-FR","potentialAction":[{"@type":"ReadAction","target":["https:\/\/escorts-madrid.com\/fr\/avis-juridique\/"]}]},{"@type":"BreadcrumbList","@id":"https:\/\/escorts-madrid.com\/fr\/avis-juridique\/#breadcrumb","itemListElement":[{"@type":"ListItem","position":1,"name":"Inicio","item":"https:\/\/escorts-madrid.com\/fr\/escort-madrid\/"},{"@type":"ListItem","position":2,"name":"Avis juridique"}]},{"@type":"WebSite","@id":"https:\/\/escorts-madrid.com\/fr\/#website","url":"https:\/\/escorts-madrid.com\/fr\/","name":"Escorts-Madrid","description":"Agencia de escorts Madrid","publisher":{"@id":"https:\/\/escorts-madrid.com\/fr\/#organization"},"alternateName":"Escorts-Madrid.com","potentialAction":[{"@type":"SearchAction","target":{"@type":"EntryPoint","urlTemplate":"https:\/\/escorts-madrid.com\/fr\/?s={search_term_string}"},"query-input":{"@type":"PropertyValueSpecification","valueRequired":true,"valueName":"search_term_string"}}],"inLanguage":"fr-FR"},{"@type":"Organization","@id":"https:\/\/escorts-madrid.com\/fr\/#organization","name":"Escorts-Madrid.com","alternateName":"Escorts-Madrid","url":"https:\/\/escorts-madrid.com\/fr\/","logo":{"@type":"ImageObject","inLanguage":"fr-FR","@id":"https:\/\/escorts-madrid.com\/fr\/#\/schema\/logo\/image\/","url":"https:\/\/escorts-madrid.com\/wp-content\/uploads\/2023\/12\/logo-ok.png","contentUrl":"https:\/\/escorts-madrid.com\/wp-content\/uploads\/2023\/12\/logo-ok.png","width":454,"height":170,"caption":"Escorts-Madrid.com"},"image":{"@id":"https:\/\/escorts-madrid.com\/fr\/#\/schema\/logo\/image\/"}}]}},"_links":{"self":[{"href":"https:\/\/escorts-madrid.com\/fr\/wp-json\/wp\/v2\/pages\/1206","targetHints":{"allow":["GET"]}}],"collection":[{"href":"https:\/\/escorts-madrid.com\/fr\/wp-json\/wp\/v2\/pages"}],"about":[{"href":"https:\/\/escorts-madrid.com\/fr\/wp-json\/wp\/v2\/types\/page"}],"author":[{"embeddable":true,"href":"https:\/\/escorts-madrid.com\/fr\/wp-json\/wp\/v2\/users\/1"}],"replies":[{"embeddable":true,"href":"https:\/\/escorts-madrid.com\/fr\/wp-json\/wp\/v2\/comments?post=1206"}],"version-history":[{"count":3,"href":"https:\/\/escorts-madrid.com\/fr\/wp-json\/wp\/v2\/pages\/1206\/revisions"}],"predecessor-version":[{"id":6273,"href":"https:\/\/escorts-madrid.com\/fr\/wp-json\/wp\/v2\/pages\/1206\/revisions\/6273"}],"wp:attachment":[{"href":"https:\/\/escorts-madrid.com\/fr\/wp-json\/wp\/v2\/media?parent=1206"}],"curies":[{"name":"wp","href":"https:\/\/api.w.org\/{rel}","templated":true}]}}