{"id":1220,"date":"2024-01-04T11:05:25","date_gmt":"2024-01-04T10:05:25","guid":{"rendered":"https:\/\/escorts-madrid.com\/politique-de-confidentialite\/"},"modified":"2025-08-19T13:18:28","modified_gmt":"2025-08-19T11:18:28","slug":"politique-de-confidentialite","status":"publish","type":"page","link":"https:\/\/escorts-madrid.com\/fr\/politique-de-confidentialite\/","title":{"rendered":"POLITIQUE DE CONFIDENTIALIT\u00c9"},"content":{"rendered":"<section class=\"l-section wpb_row height_large\"><div class=\"l-section-h i-cf\"><div class=\"g-cols vc_row via_grid cols_1 laptops-cols_inherit tablets-cols_inherit mobiles-cols_1 valign_top type_default stacking_default\"><div class=\"wpb_column vc_column_container\"><div class=\"vc_column-inner\"><div class=\"wpb_text_column\"><div class=\"wpb_wrapper\"><h1><strong>Politique de Confidentialit\u00e9<\/strong><\/h1>\n<p>L&rsquo;utilisation de ce site web, des r\u00e9seaux sociaux et de leurs formulaires implique l&rsquo;acceptation du traitement des donn\u00e9es des utilisateurs conform\u00e9ment \u00e0 la pr\u00e9sente politique de confidentialit\u00e9, y compris la collecte des donn\u00e9es d&rsquo;acc\u00e8s et l&rsquo;envoi d&rsquo;informations commerciales par voie \u00e9lectronique.<\/p>\n<p><strong>RESPONSABLE DU TRAITEMENT DES DONN\u00c9ES ET COORDONN\u00c9ES<\/strong><\/p>\n<p>Le responsable est : escorts-madrid.com. (ci-apr\u00e8s d\u00e9nomm\u00e9e \u00ab\u00a0l&rsquo;entreprise\u00a0\u00bb)<\/p>\n<p>Adresse : xxxxxxxx Madrid<\/p>\n<p>Coordonn\u00e9es de la personne responsable : info@escorts-madrid.com<\/p>\n<p><strong>OBJECTIF DU TRAITEMENT DES DONN\u00c9ES<\/strong><\/p>\n<p>Les donn\u00e9es sont trait\u00e9es dans le but de fournir un acc\u00e8s au contenu en ligne du site web, ainsi que pour r\u00e9pondre aux demandes des utilisateurs du site web, conserver un enregistrement des visites (adresses IP, donn\u00e9es du navigateur, pays, page consult\u00e9e, etc.) \u00e0 des fins statistiques, mettre en \u0153uvre des mesures visant \u00e0 assurer la s\u00e9curit\u00e9 du site web, ainsi que, le cas \u00e9ch\u00e9ant, vous envoyer des informations commerciales sur nos produits et services par voie \u00e9lectronique.<\/p>\n<p>Si vous remplissez l&rsquo;un des formulaires, il sera n\u00e9cessaire de fournir certaines donn\u00e9es personnelles, qui seront trait\u00e9es aux fins pour lesquelles elles sont demand\u00e9es.<\/p>\n<p><strong>L\u00c9GITIMIT\u00c9<\/strong><\/p>\n<p>Les donn\u00e9es sont trait\u00e9es sur la base du consentement de l&rsquo;utilisateur, du respect des obligations l\u00e9gales, si cela est n\u00e9cessaire pour l&rsquo;ex\u00e9cution d&rsquo;un contrat ou d&rsquo;un pr\u00e9contrat.<\/p>\n<p><strong>DESTINATAIRES ET TRANSFERTS<\/strong><\/p>\n<p>Destinataires : escorts-madrid.com.<\/p>\n<p>Le transfert international (en dehors de l&rsquo;Espace \u00e9conomique europ\u00e9en) n&rsquo;est pas pr\u00e9vu, sauf \u00e0 des fins de stockage et, dans tous les cas, sur la base d&rsquo;une d\u00e9cision d&rsquo;ad\u00e9quation, sur la base de l&rsquo;existence de garanties ad\u00e9quates, ainsi que d&rsquo;entit\u00e9s adh\u00e9rant \u00e0 l&rsquo;accord sur le bouclier de protection de la vie priv\u00e9e (http:\/\/www.privacyshield.gov).<\/p>\n<p><strong>P\u00c9RIODE DE CONSERVATION DES DONN\u00c9ES<\/strong><\/p>\n<p>au moins pour les p\u00e9riodes fix\u00e9es par la l\u00e9gislation applicable et, en tout \u00e9tat de cause, tant que le consentement reste en vigueur<\/p>\n<p><strong>DROITS DE L&rsquo;HOMME<\/strong><\/p>\n<p>Les personnes concern\u00e9es ont le droit : d&rsquo;acc\u00e9der \u00e0 leurs donn\u00e9es, de les rectifier et de les effacer ; de demander la portabilit\u00e9 de leurs donn\u00e9es ; de s&rsquo;opposer au traitement ou d&rsquo;en demander la limitation ; de retirer le consentement donn\u00e9, le cas \u00e9ch\u00e9ant.<\/p>\n<p>Pour ce faire, vous pouvez envoyer votre demande par \u00e9crit ou par e-mail \u00e0 l&rsquo;adresse du responsable du traitement, avec la mention \u00ab\u00a0Protection des donn\u00e9es\u00a0\u00bb.<\/p>\n<p>Pour faciliter l&rsquo;identification, nous recommandons \u00e0 la personne concern\u00e9e de joindre \u00e0 sa demande une copie de sa carte d&rsquo;identit\u00e9 ou de son passeport.<\/p>\n<p>Les personnes concern\u00e9es peuvent \u00e9galement d\u00e9poser une plainte aupr\u00e8s de l&rsquo;autorit\u00e9 de contr\u00f4le de la protection des donn\u00e9es.<\/p>\n<p><strong>LA V\u00c9RACIT\u00c9 ET L&rsquo;ACTUALIT\u00c9 DES DONN\u00c9ES<\/strong><\/p>\n<p>L&rsquo;utilisateur doit remplir les formulaires avec des donn\u00e9es vraies, exactes, compl\u00e8tes et actuelles. L&rsquo;utilisateur ne doit pas introduire de donn\u00e9es correspondant \u00e0 une autre personne ; il est pr\u00e9sum\u00e9 que les donn\u00e9es ont \u00e9t\u00e9 fournies par le propri\u00e9taire des donn\u00e9es. L&rsquo;utilisateur est seul responsable de tout dommage ou pr\u00e9judice direct ou indirect qui pourrait \u00eatre caus\u00e9 \u00e0 toute personne du fait qu&rsquo;il a rempli le formulaire avec des donn\u00e9es fausses, inexactes, incompl\u00e8tes, p\u00e9rim\u00e9es ou relatives \u00e0 une autre personne.<\/p>\n<p>L&rsquo;utilisateur doit communiquer toute modification des donn\u00e9es fournies afin que ses donn\u00e9es soient d\u00fbment mises \u00e0 jour.<\/p>\n<p><strong>LA S\u00c9CURIT\u00c9 DE L&rsquo;INFORMATION<\/strong><\/p>\n<p>L&rsquo;entreprise a pris toutes les mesures l\u00e9galement requises pour la protection des donn\u00e9es personnelles ; de m\u00eame, elle a adopt\u00e9 tous les dispositifs techniques \u00e0 sa port\u00e9e pour pr\u00e9venir la perte, l&rsquo;utilisation abusive, l&rsquo;alt\u00e9ration, l&rsquo;acc\u00e8s ou le vol des donn\u00e9es personnelles fournies par les utilisateurs du site web. L&rsquo;utilisateur doit toutefois noter que les mesures de s\u00e9curit\u00e9 sur Internet ne sont pas absolument inviolables.<\/p>\n<p><strong>MINEURS<\/strong><\/p>\n<p>L&rsquo;entreprise interdit l&rsquo;utilisation de ses services web aux utilisateurs \u00e2g\u00e9s de moins de dix-huit ans.<\/p>\n<p><strong>ANALYTIQUES WEB<\/strong><\/p>\n<p>Ce site web utilise diverses m\u00e9thodes d&rsquo;analyse pour comprendre comment il est recherch\u00e9, consult\u00e9 et utilis\u00e9 par le public. Ces analyses peuvent impliquer la collecte de donn\u00e9es personnelles telles que l&rsquo;adresse IP, l&#8217;emplacement de la connexion, des informations sur le logiciel de navigation ou le mat\u00e9riel, etc. Ces informations ne sont pas associ\u00e9es aux utilisateurs et sont utilis\u00e9es dans le seul but d&rsquo;obtenir des informations statistiques sur l&rsquo;utilisation du site web de l&rsquo;entreprise.<\/p>\n<p><strong>L&rsquo;UTILISATION DE FONCTIONS ET DE PLUG-INS DE TIERS<\/strong><\/p>\n<p>Ce site web peut incorporer des fonctions et des compl\u00e9ments fournis par des tiers \u00e0 des fins diverses telles que, par exemple, des analyses web de tiers, des cartes de tiers, des vid\u00e9os de tiers, le partage sur les r\u00e9seaux sociaux, etc.<\/p>\n<p>Une fonctionnalit\u00e9 ou un plug-in de tiers \u00e9tablit une connexion directe entre le navigateur de l&rsquo;utilisateur et les domaines Internet contr\u00f4l\u00e9s par le tiers, permettant le t\u00e9l\u00e9chargement et l&rsquo;ex\u00e9cution de la fonctionnalit\u00e9.<\/p>\n<p>En outre, la plupart des plug-ins tiers collectent les pages visit\u00e9es par les utilisateurs afin de conna\u00eetre leurs centres d&rsquo;int\u00e9r\u00eat et de leur proposer des publicit\u00e9s adapt\u00e9es.<\/p>\n<p><strong>L&rsquo;UTILISATION DE LA FONCTION GOOGLE ANALYTICS FOURNIE PAR GOOGLE, INC.<\/strong><\/p>\n<p>Ce site int\u00e8gre des fonctions d&rsquo;analyse de Google Inc. (1600 AMPHITHEATRE PARKWAY, MOUNTAIN VIEW, CALIFORNIE, USA) pour comprendre comment il est recherch\u00e9, consult\u00e9 et utilis\u00e9 par les utilisateurs. A cet effet, lors de l&rsquo;utilisation de ce site, le navigateur de l&rsquo;utilisateur \u00e9tablit une connexion directe avec les serveurs du domaine Internet google.com et d&rsquo;autres domaines de Google. Cela permet \u00e0 Google d&rsquo;enregistrer l&rsquo;activit\u00e9 de l&rsquo;utilisateur ainsi que des informations relatives \u00e0 votre adresse IP. Google Analytics utilise des cookies persistants pour \u00e9tablir des statistiques anonymes sur l&rsquo;utilisation de ce site Internet, conform\u00e9ment \u00e0 la politique de confidentialit\u00e9 suivante : https:\/\/www.google.com\/analytics\/learn\/privacy.html?hl=es. En utilisant ce site web, vous consentez au traitement des donn\u00e9es vous concernant par Google de la mani\u00e8re et aux fins d\u00e9crites ci-dessus.<\/p>\n<p><strong>L&rsquo;UTILISATION DE FONCTIONS FOURNIES PAR GOOGLE, INC.<\/strong><\/p>\n<p>Ce site web int\u00e8gre des fonctionnalit\u00e9s de Google Inc, (1600 AMPHITHEATRE PARKWAY, MOUNTAIN VIEW, CALIFORNIA, USA), telles que les vid\u00e9os YouTube, les cartes et les boutons \u00ab\u00a0+1\u00a0\u00bb. A cette fin, lors de l&rsquo;utilisation du site Internet, le navigateur de l&rsquo;utilisateur \u00e9tablit une connexion directe avec les serveurs du domaine Internet google.com et d&rsquo;autres domaines de Google. Cela permet \u00e0 Google de savoir que l&rsquo;utilisateur a visit\u00e9 le site web \u00e0 partir de votre adresse IP. Google utilise des cookies persistants, un stockage local et un stockage Flash local sur l&rsquo;appareil de l&rsquo;utilisateur, \u00e0 diverses fins, notamment pour collecter les activit\u00e9s des utilisateurs sur Internet afin de leur proposer des publicit\u00e9s adapt\u00e9es \u00e0 leurs centres d&rsquo;int\u00e9r\u00eat, conform\u00e9ment \u00e0 ses r\u00e8gles de confidentialit\u00e9 : http:\/\/www.google.es\/intl\/es\/policies\/privacy\/. En utilisant ce site web, vous consentez au traitement des donn\u00e9es vous concernant par Google de la mani\u00e8re et aux fins d\u00e9crites ci-dessus.<\/p>\n<\/div><\/div><\/div><\/div><\/div><\/div><\/section>\n","protected":false},"excerpt":{"rendered":"Politique de Confidentialit\u00e9 L&rsquo;utilisation de ce site web, des r\u00e9seaux sociaux et de leurs formulaires implique l&rsquo;acceptation du traitement des donn\u00e9es des utilisateurs conform\u00e9ment \u00e0 la pr\u00e9sente politique de confidentialit\u00e9, y compris la collecte des donn\u00e9es d&rsquo;acc\u00e8s et l&rsquo;envoi d&rsquo;informations commerciales par voie \u00e9lectronique. RESPONSABLE DU TRAITEMENT DES DONN\u00c9ES ET COORDONN\u00c9ES Le responsable est :...","protected":false},"author":1,"featured_media":0,"parent":0,"menu_order":0,"comment_status":"closed","ping_status":"closed","template":"","meta":{"_joinchat":[],"footnotes":""},"class_list":["post-1220","page","type-page","status-publish","hentry"],"yoast_head":"<!-- This site is optimized with the Yoast SEO plugin v27.0 - https:\/\/yoast.com\/product\/yoast-seo-wordpress\/ -->\n<title>Politique de confidentialit\u00e9 | Protection et confidentialit\u00e9 de vos donn\u00e9es<\/title>\n<meta name=\"description\" content=\"Veuillez consulter notre Politique de confidentialit\u00e9. Nous prot\u00e9geons vos donn\u00e9es personnelles et garantissons leur utilisation s\u00e9curis\u00e9e et confidentielle sur notre site web.\" \/>\n<meta name=\"robots\" content=\"noindex, follow\" \/>\n<meta property=\"og:locale\" content=\"fr_FR\" \/>\n<meta property=\"og:type\" content=\"article\" \/>\n<meta property=\"og:title\" content=\"Politique de confidentialit\u00e9 | Protection et confidentialit\u00e9 de vos donn\u00e9es\" \/>\n<meta property=\"og:description\" content=\"Veuillez consulter notre Politique de confidentialit\u00e9. Nous prot\u00e9geons vos donn\u00e9es personnelles et garantissons leur utilisation s\u00e9curis\u00e9e et confidentielle sur notre site web.\" \/>\n<meta property=\"og:url\" content=\"https:\/\/escorts-madrid.com\/fr\/politique-de-confidentialite\/\" \/>\n<meta property=\"og:site_name\" content=\"Escorts-Madrid.com\" \/>\n<meta property=\"article:modified_time\" content=\"2025-08-19T11:18:28+00:00\" \/>\n<meta property=\"og:image\" content=\"https:\/\/escorts-madrid.com\/wp-content\/uploads\/2025\/01\/chicas-de-lujo-en-madrid.jpg\" \/>\n\t<meta property=\"og:image:width\" content=\"1000\" \/>\n\t<meta property=\"og:image:height\" content=\"684\" \/>\n\t<meta property=\"og:image:type\" content=\"image\/jpeg\" \/>\n<meta name=\"twitter:card\" content=\"summary_large_image\" \/>\n<meta name=\"twitter:label1\" content=\"Dur\u00e9e de lecture estim\u00e9e\" \/>\n\t<meta name=\"twitter:data1\" content=\"5 minutes\" \/>\n<script type=\"application\/ld+json\" class=\"yoast-schema-graph\">{\"@context\":\"https:\/\/schema.org\",\"@graph\":[{\"@type\":\"WebPage\",\"@id\":\"https:\/\/escorts-madrid.com\/fr\/politique-de-confidentialite\/\",\"url\":\"https:\/\/escorts-madrid.com\/fr\/politique-de-confidentialite\/\",\"name\":\"Politique de confidentialit\u00e9 | Protection et confidentialit\u00e9 de vos donn\u00e9es\",\"isPartOf\":{\"@id\":\"https:\/\/escorts-madrid.com\/fr\/#website\"},\"datePublished\":\"2024-01-04T10:05:25+00:00\",\"dateModified\":\"2025-08-19T11:18:28+00:00\",\"description\":\"Veuillez consulter notre Politique de confidentialit\u00e9. Nous prot\u00e9geons vos donn\u00e9es personnelles et garantissons leur utilisation s\u00e9curis\u00e9e et confidentielle sur notre site web.\",\"breadcrumb\":{\"@id\":\"https:\/\/escorts-madrid.com\/fr\/politique-de-confidentialite\/#breadcrumb\"},\"inLanguage\":\"fr-FR\",\"potentialAction\":[{\"@type\":\"ReadAction\",\"target\":[\"https:\/\/escorts-madrid.com\/fr\/politique-de-confidentialite\/\"]}]},{\"@type\":\"BreadcrumbList\",\"@id\":\"https:\/\/escorts-madrid.com\/fr\/politique-de-confidentialite\/#breadcrumb\",\"itemListElement\":[{\"@type\":\"ListItem\",\"position\":1,\"name\":\"Inicio\",\"item\":\"https:\/\/escorts-madrid.com\/fr\/escort-madrid\/\"},{\"@type\":\"ListItem\",\"position\":2,\"name\":\"POLITIQUE DE CONFIDENTIALIT\u00c9\"}]},{\"@type\":\"WebSite\",\"@id\":\"https:\/\/escorts-madrid.com\/fr\/#website\",\"url\":\"https:\/\/escorts-madrid.com\/fr\/\",\"name\":\"Escorts-Madrid\",\"description\":\"Agencia de escorts Madrid\",\"publisher\":{\"@id\":\"https:\/\/escorts-madrid.com\/fr\/#organization\"},\"alternateName\":\"Escorts-Madrid.com\",\"potentialAction\":[{\"@type\":\"SearchAction\",\"target\":{\"@type\":\"EntryPoint\",\"urlTemplate\":\"https:\/\/escorts-madrid.com\/fr\/?s={search_term_string}\"},\"query-input\":{\"@type\":\"PropertyValueSpecification\",\"valueRequired\":true,\"valueName\":\"search_term_string\"}}],\"inLanguage\":\"fr-FR\"},{\"@type\":\"Organization\",\"@id\":\"https:\/\/escorts-madrid.com\/fr\/#organization\",\"name\":\"Escorts-Madrid.com\",\"alternateName\":\"Escorts-Madrid\",\"url\":\"https:\/\/escorts-madrid.com\/fr\/\",\"logo\":{\"@type\":\"ImageObject\",\"inLanguage\":\"fr-FR\",\"@id\":\"https:\/\/escorts-madrid.com\/fr\/#\/schema\/logo\/image\/\",\"url\":\"https:\/\/escorts-madrid.com\/wp-content\/uploads\/2023\/12\/logo-ok.png\",\"contentUrl\":\"https:\/\/escorts-madrid.com\/wp-content\/uploads\/2023\/12\/logo-ok.png\",\"width\":454,\"height\":170,\"caption\":\"Escorts-Madrid.com\"},\"image\":{\"@id\":\"https:\/\/escorts-madrid.com\/fr\/#\/schema\/logo\/image\/\"}}]}<\/script>\n<!-- \/ Yoast SEO plugin. -->","yoast_head_json":{"title":"Politique de confidentialit\u00e9 | Protection et confidentialit\u00e9 de vos donn\u00e9es","description":"Veuillez consulter notre Politique de confidentialit\u00e9. Nous prot\u00e9geons vos donn\u00e9es personnelles et garantissons leur utilisation s\u00e9curis\u00e9e et confidentielle sur notre site web.","robots":{"index":"noindex","follow":"follow"},"og_locale":"fr_FR","og_type":"article","og_title":"Politique de confidentialit\u00e9 | Protection et confidentialit\u00e9 de vos donn\u00e9es","og_description":"Veuillez consulter notre Politique de confidentialit\u00e9. Nous prot\u00e9geons vos donn\u00e9es personnelles et garantissons leur utilisation s\u00e9curis\u00e9e et confidentielle sur notre site web.","og_url":"https:\/\/escorts-madrid.com\/fr\/politique-de-confidentialite\/","og_site_name":"Escorts-Madrid.com","article_modified_time":"2025-08-19T11:18:28+00:00","og_image":[{"width":1000,"height":684,"url":"https:\/\/escorts-madrid.com\/wp-content\/uploads\/2025\/01\/chicas-de-lujo-en-madrid.jpg","type":"image\/jpeg"}],"twitter_card":"summary_large_image","twitter_misc":{"Dur\u00e9e de lecture estim\u00e9e":"5 minutes"},"schema":{"@context":"https:\/\/schema.org","@graph":[{"@type":"WebPage","@id":"https:\/\/escorts-madrid.com\/fr\/politique-de-confidentialite\/","url":"https:\/\/escorts-madrid.com\/fr\/politique-de-confidentialite\/","name":"Politique de confidentialit\u00e9 | Protection et confidentialit\u00e9 de vos donn\u00e9es","isPartOf":{"@id":"https:\/\/escorts-madrid.com\/fr\/#website"},"datePublished":"2024-01-04T10:05:25+00:00","dateModified":"2025-08-19T11:18:28+00:00","description":"Veuillez consulter notre Politique de confidentialit\u00e9. Nous prot\u00e9geons vos donn\u00e9es personnelles et garantissons leur utilisation s\u00e9curis\u00e9e et confidentielle sur notre site web.","breadcrumb":{"@id":"https:\/\/escorts-madrid.com\/fr\/politique-de-confidentialite\/#breadcrumb"},"inLanguage":"fr-FR","potentialAction":[{"@type":"ReadAction","target":["https:\/\/escorts-madrid.com\/fr\/politique-de-confidentialite\/"]}]},{"@type":"BreadcrumbList","@id":"https:\/\/escorts-madrid.com\/fr\/politique-de-confidentialite\/#breadcrumb","itemListElement":[{"@type":"ListItem","position":1,"name":"Inicio","item":"https:\/\/escorts-madrid.com\/fr\/escort-madrid\/"},{"@type":"ListItem","position":2,"name":"POLITIQUE DE CONFIDENTIALIT\u00c9"}]},{"@type":"WebSite","@id":"https:\/\/escorts-madrid.com\/fr\/#website","url":"https:\/\/escorts-madrid.com\/fr\/","name":"Escorts-Madrid","description":"Agencia de escorts Madrid","publisher":{"@id":"https:\/\/escorts-madrid.com\/fr\/#organization"},"alternateName":"Escorts-Madrid.com","potentialAction":[{"@type":"SearchAction","target":{"@type":"EntryPoint","urlTemplate":"https:\/\/escorts-madrid.com\/fr\/?s={search_term_string}"},"query-input":{"@type":"PropertyValueSpecification","valueRequired":true,"valueName":"search_term_string"}}],"inLanguage":"fr-FR"},{"@type":"Organization","@id":"https:\/\/escorts-madrid.com\/fr\/#organization","name":"Escorts-Madrid.com","alternateName":"Escorts-Madrid","url":"https:\/\/escorts-madrid.com\/fr\/","logo":{"@type":"ImageObject","inLanguage":"fr-FR","@id":"https:\/\/escorts-madrid.com\/fr\/#\/schema\/logo\/image\/","url":"https:\/\/escorts-madrid.com\/wp-content\/uploads\/2023\/12\/logo-ok.png","contentUrl":"https:\/\/escorts-madrid.com\/wp-content\/uploads\/2023\/12\/logo-ok.png","width":454,"height":170,"caption":"Escorts-Madrid.com"},"image":{"@id":"https:\/\/escorts-madrid.com\/fr\/#\/schema\/logo\/image\/"}}]}},"_links":{"self":[{"href":"https:\/\/escorts-madrid.com\/fr\/wp-json\/wp\/v2\/pages\/1220","targetHints":{"allow":["GET"]}}],"collection":[{"href":"https:\/\/escorts-madrid.com\/fr\/wp-json\/wp\/v2\/pages"}],"about":[{"href":"https:\/\/escorts-madrid.com\/fr\/wp-json\/wp\/v2\/types\/page"}],"author":[{"embeddable":true,"href":"https:\/\/escorts-madrid.com\/fr\/wp-json\/wp\/v2\/users\/1"}],"replies":[{"embeddable":true,"href":"https:\/\/escorts-madrid.com\/fr\/wp-json\/wp\/v2\/comments?post=1220"}],"version-history":[{"count":2,"href":"https:\/\/escorts-madrid.com\/fr\/wp-json\/wp\/v2\/pages\/1220\/revisions"}],"predecessor-version":[{"id":6282,"href":"https:\/\/escorts-madrid.com\/fr\/wp-json\/wp\/v2\/pages\/1220\/revisions\/6282"}],"wp:attachment":[{"href":"https:\/\/escorts-madrid.com\/fr\/wp-json\/wp\/v2\/media?parent=1220"}],"curies":[{"name":"wp","href":"https:\/\/api.w.org\/{rel}","templated":true}]}}