{"id":1223,"date":"2024-01-04T11:08:34","date_gmt":"2024-01-04T10:08:34","guid":{"rendered":"https:\/\/escorts-madrid.com\/politique-en-matiere-de-cookies\/"},"modified":"2025-12-28T11:26:30","modified_gmt":"2025-12-28T10:26:30","slug":"politique-en-matiere-de-cookies","status":"publish","type":"page","link":"https:\/\/escorts-madrid.com\/fr\/politique-en-matiere-de-cookies\/","title":{"rendered":"Politique en mati\u00e8re de cookies"},"content":{"rendered":"<section class=\"l-section wpb_row height_large\"><div class=\"l-section-h i-cf\"><div class=\"g-cols vc_row via_grid cols_1 laptops-cols_inherit tablets-cols_inherit mobiles-cols_1 valign_top type_default stacking_default\"><div class=\"wpb_column vc_column_container\"><div class=\"vc_column-inner\"><div class=\"wpb_text_column\"><div class=\"wpb_wrapper\"><h1><strong>Politique relative aux cookies<\/strong><\/h1>\n<h2>1. l&rsquo;utilisation de cookies sur le site web<\/h2>\n<p>Ce site web utilise ses propres cookies et ceux de tiers pour am\u00e9liorer les services offerts et montrer \u00e0 l&rsquo;utilisateur de la publicit\u00e9 li\u00e9e \u00e0 ses pr\u00e9f\u00e9rences en analysant ses habitudes de navigation. Si l&rsquo;utilisateur poursuit sa navigation, nous consid\u00e9rons qu&rsquo;il en accepte l&rsquo;utilisation. Aux fins de la pr\u00e9sente politique, on entend par \u00ab\u00a0poursuivre la navigation\u00a0\u00bb le fait de cliquer sur un bouton, une case \u00e0 cocher ou un lien sur le site web, de t\u00e9l\u00e9charger un contenu du site web ou de faire d\u00e9filer la page.<\/p>\n<p>&nbsp;<\/p>\n<h2>2) Qu&rsquo;est-ce qu&rsquo;un cookie ?<\/h2>\n<p>Les cookies sont un ensemble de donn\u00e9es qu&rsquo;un serveur d\u00e9pose dans le navigateur de l&rsquo;utilisateur et qu&rsquo;il peut demander par la suite afin de reconna\u00eetre l&rsquo;utilisateur au cours d&rsquo;une s\u00e9rie de visites. En d&rsquo;autres termes, il s&rsquo;agit d&rsquo;un petit fichier texte qui est stock\u00e9 sur le disque dur de l&rsquo;ordinateur et qui est utilis\u00e9 pour identifier l&rsquo;utilisateur lorsqu&rsquo;il se connecte \u00e0 nouveau au site web. Il a pour but d&rsquo;enregistrer la visite de l&rsquo;utilisateur et de stocker certaines informations.<\/p>\n<p>Un cookie est un fichier qui est t\u00e9l\u00e9charg\u00e9 sur l&rsquo;ordinateur de l&rsquo;utilisateur lorsqu&rsquo;il acc\u00e8de \u00e0 certains sites web, comme celui-ci. Les cookies permettent \u00e0 ces sites, entre autres, de stocker et de r\u00e9cup\u00e9rer des informations sur les habitudes de navigation de l&rsquo;utilisateur ou de son \u00e9quipement et, en fonction des informations qu&rsquo;ils contiennent et de la mani\u00e8re dont il utilise son \u00e9quipement, ils peuvent \u00eatre utilis\u00e9s pour reconna\u00eetre l&rsquo;utilisateur.<\/p>\n<p>&nbsp;<\/p>\n<h2>3. quels sont les types de cookies ?<\/h2>\n<p>En fonction de leur dur\u00e9e, les cookies peuvent \u00eatre class\u00e9s en \u00ab\u00a0cookies de session\u00a0\u00bb et \u00ab\u00a0cookies persistants\u00a0\u00bb. Les cookies de session disparaissent de l&rsquo;ordinateur de l&rsquo;utilisateur lorsque celui-ci quitte le site web visit\u00e9 ou ferme son navigateur. Ils sont g\u00e9n\u00e9ralement stock\u00e9s dans la m\u00e9moire cache de l&rsquo;\u00e9quipement. Les cookies permanents sont stock\u00e9s sur le disque dur de l&rsquo;ordinateur de l&rsquo;utilisateur de mani\u00e8re permanente ou pour une p\u00e9riode prolong\u00e9e, de sorte que le site web qui a lanc\u00e9 le cookie puisse le lire chaque fois que l&rsquo;utilisateur le consulte \u00e0 nouveau. La date d&rsquo;expiration de ce type de cookies est d\u00e9termin\u00e9e par le site web qui les lance.<\/p>\n<p>&nbsp;<\/p>\n<h2>4) Le site escorts-madrid.com utilise-t-il des cookies ?<\/h2>\n<p>escorts-madrid.com informe l&rsquo;utilisateur que ce site Web utilise des cookies aux fins suivantes :<br \/>\nCookies Google Analytics utilis\u00e9s pour mesurer le comportement de l&rsquo;utilisateur, enregistrer le nombre de visites et analyser la rapidit\u00e9 avec laquelle l&rsquo;utilisateur quitte le site web.<\/p>\n<p>&nbsp;<\/p>\n<h2>5. quels types de cookies ce site web utilise-t-il ?<\/h2>\n<p>Cookies d&rsquo;analyse : Il s&rsquo;agit de cookies qui, trait\u00e9s par escorts-madrid.com ou par des tiers, nous permettent de quantifier le nombre d&rsquo;utilisateurs et de proc\u00e9der ainsi \u00e0 la mesure et \u00e0 l&rsquo;analyse statistique de leur utilisation du site Web. A cette fin, votre navigation sur le site est analys\u00e9e afin d&rsquo;am\u00e9liorer l&rsquo;offre de produits, de services ou de contenus affich\u00e9s sur le site.<br \/>\nCookies publicitaires : Ce sont ceux qui permettent de g\u00e9rer, de la mani\u00e8re la plus efficace possible, les espaces publicitaires que, le cas \u00e9ch\u00e9ant, l&rsquo;\u00e9diteur a inclus sur le Site Internet en fonction de crit\u00e8res tels que le contenu \u00e9dit\u00e9 ou la fr\u00e9quence \u00e0 laquelle les publicit\u00e9s sont diffus\u00e9es.<br \/>\nCookies de publicit\u00e9 comportementale : Ces cookies permettent de g\u00e9rer, de la mani\u00e8re la plus efficace possible, les espaces publicitaires que, le cas \u00e9ch\u00e9ant, l&rsquo;\u00e9diteur a inclus sur un site web, une application ou une plateforme \u00e0 partir de laquelle le service demand\u00e9 est fourni. Ces cookies stockent des informations sur le comportement des utilisateurs obtenues gr\u00e2ce \u00e0 l&rsquo;observation continue de leurs habitudes de navigation, ce qui permet de d\u00e9velopper un profil sp\u00e9cifique afin d&rsquo;afficher des publicit\u00e9s bas\u00e9es sur ce dernier.<\/p>\n<p>Plus pr\u00e9cis\u00e9ment, ce site Internet utilise :<\/p>\n<p>Google Analytics, un outil d&rsquo;analyse fourni par le tiers Google Inc. situ\u00e9 aux \u00c9tats-Unis. Google Analytics utilise ses propres cookies pour rapporter les interactions des utilisateurs sur le site web, en stockant des informations non personnellement identifiables. Les navigateurs ne partagent pas les cookies de premi\u00e8re partie entre diff\u00e9rents domaines. L&rsquo;utilisateur peut trouver plus d&rsquo;informations sur l&rsquo;utilisation des cookies dans Google Analytics.<br \/>\nGoogle AdWords Conversion est l&rsquo;outil de suivi des campagnes publicitaires AdWords propos\u00e9 par la soci\u00e9t\u00e9 tierce Google Inc. situ\u00e9e aux \u00c9tats-Unis. Google AdWords Conversion utilise des cookies pour nous aider \u00e0 suivre les ventes et autres conversions des publicit\u00e9s que nous affichons en ajoutant un cookie \u00e0 votre ordinateur lorsque vous cliquez sur une publicit\u00e9. Ce cookie a une dur\u00e9e de vie de 30 jours et ne recueille pas d&rsquo;informations permettant d&rsquo;identifier l&rsquo;utilisateur. Vous pouvez en savoir plus sur l&rsquo;utilisation des cookies sur Google AdWords Conversion.<\/p>\n<p>&nbsp;<\/p>\n<h2>6) Puis-je configurer l&rsquo;installation de cookies dans mon navigateur ?<\/h2>\n<p>L&rsquo;utilisateur peut configurer son navigateur pour \u00eatre inform\u00e9 de la r\u00e9ception de cookies et, s&rsquo;il le souhaite, emp\u00eacher leur installation sur son ordinateur. De m\u00eame, l&rsquo;utilisateur peut v\u00e9rifier dans son navigateur quels sont les cookies qu&rsquo;il a install\u00e9s et quelle est leur date d&rsquo;expiration, afin de pouvoir les supprimer. Pour plus d&rsquo;informations, veuillez consulter les instructions et les manuels de votre navigateur.<br \/>\nDans le cas o\u00f9 l&rsquo;Utilisateur n&rsquo;autoriserait pas l&rsquo;utilisation de cookies lors de la navigation sur ce site, escorts-madrid.com ne garantit pas que l&rsquo;information affich\u00e9e lors de la navigation sur le site soit exacte, compl\u00e8te ou m\u00eame que la navigation soit techniquement possible ou r\u00e9alisable.<\/p>\n<p>&nbsp;<\/p>\n<h2>7) Comment l&rsquo;utilisateur peut-il bloquer ou supprimer les cookies utilis\u00e9s par ce site web ?<\/h2>\n<p>L&rsquo;utilisateur peut autoriser, bloquer ou supprimer les cookies install\u00e9s sur son \u00e9quipement en configurant les options du navigateur install\u00e9 sur son ordinateur. Si l&rsquo;utilisateur ne souhaite pas que ses donn\u00e9es soient collect\u00e9es par Google Analytics, il peut installer un module compl\u00e9mentaire de navigateur pour l&rsquo;en dissuader. Plus d&rsquo;informations ici. Le blocage de l&rsquo;installation des cookies d\u00e9crits dans la pr\u00e9sente politique n&#8217;emp\u00eache pas l&rsquo;utilisation effective du site Web par l&rsquo;utilisateur.<br \/>\nPour autoriser, conna\u00eetre, bloquer ou supprimer les cookies install\u00e9s sur votre ordinateur, vous pouvez le faire en configurant les options du navigateur install\u00e9 sur votre ordinateur. Par exemple, vous pouvez trouver des informations sur la mani\u00e8re de proc\u00e9der dans l&rsquo;application que vous utilisez comme navigateur :<\/p>\n<p>Firefox, Chrome, Explorer, Safari et Opera<\/p>\n<\/div><\/div><\/div><\/div><\/div><\/div><\/section>\n","protected":false},"excerpt":{"rendered":"Politique relative aux cookies 1. l&rsquo;utilisation de cookies sur le site web Ce site web utilise ses propres cookies et ceux de tiers pour am\u00e9liorer les services offerts et montrer \u00e0 l&rsquo;utilisateur de la publicit\u00e9 li\u00e9e \u00e0 ses pr\u00e9f\u00e9rences en analysant ses habitudes de navigation. Si l&rsquo;utilisateur poursuit sa navigation, nous consid\u00e9rons qu&rsquo;il en accepte...","protected":false},"author":1,"featured_media":0,"parent":0,"menu_order":0,"comment_status":"closed","ping_status":"closed","template":"","meta":{"_joinchat":[],"footnotes":""},"class_list":["post-1223","page","type-page","status-publish","hentry"],"yoast_head":"<!-- This site is optimized with the Yoast SEO plugin v27.0 - https:\/\/yoast.com\/product\/yoast-seo-wordpress\/ -->\n<title>Politique relative aux cookies | Informations sur l&#039;utilisation des cookies<\/title>\n<meta name=\"description\" content=\"D\u00e9couvrez notre politique en mati\u00e8re de cookies. Nous utilisons des cookies pour am\u00e9liorer votre exp\u00e9rience, garantir votre confidentialit\u00e9 et assurer la s\u00e9curit\u00e9 de notre site web.\" \/>\n<meta name=\"robots\" content=\"noindex, follow\" \/>\n<meta property=\"og:locale\" content=\"fr_FR\" \/>\n<meta property=\"og:type\" content=\"article\" \/>\n<meta property=\"og:title\" content=\"Politique relative aux cookies | Informations sur l&#039;utilisation des cookies\" \/>\n<meta property=\"og:description\" content=\"D\u00e9couvrez notre politique en mati\u00e8re de cookies. Nous utilisons des cookies pour am\u00e9liorer votre exp\u00e9rience, garantir votre confidentialit\u00e9 et assurer la s\u00e9curit\u00e9 de notre site web.\" \/>\n<meta property=\"og:url\" content=\"https:\/\/escorts-madrid.com\/fr\/politique-en-matiere-de-cookies\/\" \/>\n<meta property=\"og:site_name\" content=\"Escorts-Madrid.com\" \/>\n<meta property=\"article:modified_time\" content=\"2025-12-28T10:26:30+00:00\" \/>\n<meta property=\"og:image\" content=\"https:\/\/escorts-madrid.com\/wp-content\/uploads\/2025\/01\/chicas-de-lujo-en-madrid.jpg\" \/>\n\t<meta property=\"og:image:width\" content=\"1000\" \/>\n\t<meta property=\"og:image:height\" content=\"684\" \/>\n\t<meta property=\"og:image:type\" content=\"image\/jpeg\" \/>\n<meta name=\"twitter:card\" content=\"summary_large_image\" \/>\n<meta name=\"twitter:label1\" content=\"Dur\u00e9e de lecture estim\u00e9e\" \/>\n\t<meta name=\"twitter:data1\" content=\"5 minutes\" \/>\n<script type=\"application\/ld+json\" class=\"yoast-schema-graph\">{\"@context\":\"https:\/\/schema.org\",\"@graph\":[{\"@type\":\"WebPage\",\"@id\":\"https:\/\/escorts-madrid.com\/fr\/politique-en-matiere-de-cookies\/\",\"url\":\"https:\/\/escorts-madrid.com\/fr\/politique-en-matiere-de-cookies\/\",\"name\":\"Politique relative aux cookies | Informations sur l'utilisation des cookies\",\"isPartOf\":{\"@id\":\"https:\/\/escorts-madrid.com\/fr\/#website\"},\"datePublished\":\"2024-01-04T10:08:34+00:00\",\"dateModified\":\"2025-12-28T10:26:30+00:00\",\"description\":\"D\u00e9couvrez notre politique en mati\u00e8re de cookies. Nous utilisons des cookies pour am\u00e9liorer votre exp\u00e9rience, garantir votre confidentialit\u00e9 et assurer la s\u00e9curit\u00e9 de notre site web.\",\"breadcrumb\":{\"@id\":\"https:\/\/escorts-madrid.com\/fr\/politique-en-matiere-de-cookies\/#breadcrumb\"},\"inLanguage\":\"fr-FR\",\"potentialAction\":[{\"@type\":\"ReadAction\",\"target\":[\"https:\/\/escorts-madrid.com\/fr\/politique-en-matiere-de-cookies\/\"]}]},{\"@type\":\"BreadcrumbList\",\"@id\":\"https:\/\/escorts-madrid.com\/fr\/politique-en-matiere-de-cookies\/#breadcrumb\",\"itemListElement\":[{\"@type\":\"ListItem\",\"position\":1,\"name\":\"Inicio\",\"item\":\"https:\/\/escorts-madrid.com\/fr\/escort-madrid\/\"},{\"@type\":\"ListItem\",\"position\":2,\"name\":\"Politique en mati\u00e8re de cookies\"}]},{\"@type\":\"WebSite\",\"@id\":\"https:\/\/escorts-madrid.com\/fr\/#website\",\"url\":\"https:\/\/escorts-madrid.com\/fr\/\",\"name\":\"Escorts-Madrid\",\"description\":\"Agencia de escorts Madrid\",\"publisher\":{\"@id\":\"https:\/\/escorts-madrid.com\/fr\/#organization\"},\"alternateName\":\"Escorts-Madrid.com\",\"potentialAction\":[{\"@type\":\"SearchAction\",\"target\":{\"@type\":\"EntryPoint\",\"urlTemplate\":\"https:\/\/escorts-madrid.com\/fr\/?s={search_term_string}\"},\"query-input\":{\"@type\":\"PropertyValueSpecification\",\"valueRequired\":true,\"valueName\":\"search_term_string\"}}],\"inLanguage\":\"fr-FR\"},{\"@type\":\"Organization\",\"@id\":\"https:\/\/escorts-madrid.com\/fr\/#organization\",\"name\":\"Escorts-Madrid.com\",\"alternateName\":\"Escorts-Madrid\",\"url\":\"https:\/\/escorts-madrid.com\/fr\/\",\"logo\":{\"@type\":\"ImageObject\",\"inLanguage\":\"fr-FR\",\"@id\":\"https:\/\/escorts-madrid.com\/fr\/#\/schema\/logo\/image\/\",\"url\":\"https:\/\/escorts-madrid.com\/wp-content\/uploads\/2023\/12\/logo-ok.png\",\"contentUrl\":\"https:\/\/escorts-madrid.com\/wp-content\/uploads\/2023\/12\/logo-ok.png\",\"width\":454,\"height\":170,\"caption\":\"Escorts-Madrid.com\"},\"image\":{\"@id\":\"https:\/\/escorts-madrid.com\/fr\/#\/schema\/logo\/image\/\"}}]}<\/script>\n<!-- \/ Yoast SEO plugin. -->","yoast_head_json":{"title":"Politique relative aux cookies | Informations sur l'utilisation des cookies","description":"D\u00e9couvrez notre politique en mati\u00e8re de cookies. Nous utilisons des cookies pour am\u00e9liorer votre exp\u00e9rience, garantir votre confidentialit\u00e9 et assurer la s\u00e9curit\u00e9 de notre site web.","robots":{"index":"noindex","follow":"follow"},"og_locale":"fr_FR","og_type":"article","og_title":"Politique relative aux cookies | Informations sur l'utilisation des cookies","og_description":"D\u00e9couvrez notre politique en mati\u00e8re de cookies. Nous utilisons des cookies pour am\u00e9liorer votre exp\u00e9rience, garantir votre confidentialit\u00e9 et assurer la s\u00e9curit\u00e9 de notre site web.","og_url":"https:\/\/escorts-madrid.com\/fr\/politique-en-matiere-de-cookies\/","og_site_name":"Escorts-Madrid.com","article_modified_time":"2025-12-28T10:26:30+00:00","og_image":[{"width":1000,"height":684,"url":"https:\/\/escorts-madrid.com\/wp-content\/uploads\/2025\/01\/chicas-de-lujo-en-madrid.jpg","type":"image\/jpeg"}],"twitter_card":"summary_large_image","twitter_misc":{"Dur\u00e9e de lecture estim\u00e9e":"5 minutes"},"schema":{"@context":"https:\/\/schema.org","@graph":[{"@type":"WebPage","@id":"https:\/\/escorts-madrid.com\/fr\/politique-en-matiere-de-cookies\/","url":"https:\/\/escorts-madrid.com\/fr\/politique-en-matiere-de-cookies\/","name":"Politique relative aux cookies | Informations sur l'utilisation des cookies","isPartOf":{"@id":"https:\/\/escorts-madrid.com\/fr\/#website"},"datePublished":"2024-01-04T10:08:34+00:00","dateModified":"2025-12-28T10:26:30+00:00","description":"D\u00e9couvrez notre politique en mati\u00e8re de cookies. Nous utilisons des cookies pour am\u00e9liorer votre exp\u00e9rience, garantir votre confidentialit\u00e9 et assurer la s\u00e9curit\u00e9 de notre site web.","breadcrumb":{"@id":"https:\/\/escorts-madrid.com\/fr\/politique-en-matiere-de-cookies\/#breadcrumb"},"inLanguage":"fr-FR","potentialAction":[{"@type":"ReadAction","target":["https:\/\/escorts-madrid.com\/fr\/politique-en-matiere-de-cookies\/"]}]},{"@type":"BreadcrumbList","@id":"https:\/\/escorts-madrid.com\/fr\/politique-en-matiere-de-cookies\/#breadcrumb","itemListElement":[{"@type":"ListItem","position":1,"name":"Inicio","item":"https:\/\/escorts-madrid.com\/fr\/escort-madrid\/"},{"@type":"ListItem","position":2,"name":"Politique en mati\u00e8re de cookies"}]},{"@type":"WebSite","@id":"https:\/\/escorts-madrid.com\/fr\/#website","url":"https:\/\/escorts-madrid.com\/fr\/","name":"Escorts-Madrid","description":"Agencia de escorts Madrid","publisher":{"@id":"https:\/\/escorts-madrid.com\/fr\/#organization"},"alternateName":"Escorts-Madrid.com","potentialAction":[{"@type":"SearchAction","target":{"@type":"EntryPoint","urlTemplate":"https:\/\/escorts-madrid.com\/fr\/?s={search_term_string}"},"query-input":{"@type":"PropertyValueSpecification","valueRequired":true,"valueName":"search_term_string"}}],"inLanguage":"fr-FR"},{"@type":"Organization","@id":"https:\/\/escorts-madrid.com\/fr\/#organization","name":"Escorts-Madrid.com","alternateName":"Escorts-Madrid","url":"https:\/\/escorts-madrid.com\/fr\/","logo":{"@type":"ImageObject","inLanguage":"fr-FR","@id":"https:\/\/escorts-madrid.com\/fr\/#\/schema\/logo\/image\/","url":"https:\/\/escorts-madrid.com\/wp-content\/uploads\/2023\/12\/logo-ok.png","contentUrl":"https:\/\/escorts-madrid.com\/wp-content\/uploads\/2023\/12\/logo-ok.png","width":454,"height":170,"caption":"Escorts-Madrid.com"},"image":{"@id":"https:\/\/escorts-madrid.com\/fr\/#\/schema\/logo\/image\/"}}]}},"_links":{"self":[{"href":"https:\/\/escorts-madrid.com\/fr\/wp-json\/wp\/v2\/pages\/1223","targetHints":{"allow":["GET"]}}],"collection":[{"href":"https:\/\/escorts-madrid.com\/fr\/wp-json\/wp\/v2\/pages"}],"about":[{"href":"https:\/\/escorts-madrid.com\/fr\/wp-json\/wp\/v2\/types\/page"}],"author":[{"embeddable":true,"href":"https:\/\/escorts-madrid.com\/fr\/wp-json\/wp\/v2\/users\/1"}],"replies":[{"embeddable":true,"href":"https:\/\/escorts-madrid.com\/fr\/wp-json\/wp\/v2\/comments?post=1223"}],"version-history":[{"count":4,"href":"https:\/\/escorts-madrid.com\/fr\/wp-json\/wp\/v2\/pages\/1223\/revisions"}],"predecessor-version":[{"id":7054,"href":"https:\/\/escorts-madrid.com\/fr\/wp-json\/wp\/v2\/pages\/1223\/revisions\/7054"}],"wp:attachment":[{"href":"https:\/\/escorts-madrid.com\/fr\/wp-json\/wp\/v2\/media?parent=1223"}],"curies":[{"name":"wp","href":"https:\/\/api.w.org\/{rel}","templated":true}]}}