{"id":400,"date":"2023-12-09T12:31:37","date_gmt":"2023-12-09T11:31:37","guid":{"rendered":"https:\/\/escorts-madrid.com\/blog\/"},"modified":"2025-08-19T13:07:15","modified_gmt":"2025-08-19T11:07:15","slug":"blog","status":"publish","type":"page","link":"https:\/\/escorts-madrid.com\/fr\/blog\/","title":{"rendered":"Secrets \u00e9rotiques"},"content":{"rendered":"<section class=\"l-section wpb_row us_custom_dd6c672d height_medium full_height valign_center color_primary with_img parallax_ver with_shape\"><div class=\"l-section-img lazyload\" role=\"img\" aria-label=\"Image\" data-img-width=\"1000\" data-img-height=\"851\" style=\"background-image:inherit;background-position: top center;\" data-bg-image=\"url(https:\/\/escorts-madrid.com\/wp-content\/uploads\/2023\/12\/escorts-de-lujo-Madrid-ciudad.jpg)\"><\/div><div class=\"l-section-overlay\" style=\"background:rgba(0,0,0,0.45)\"><\/div><div class=\"l-section-shape type_triangle pos_bottom\" style=\"height:15vmin;\"><svg xmlns=\"http:\/\/www.w3.org\/2000\/svg\" viewBox=\"0 0 64 8\" preserveAspectRatio=\"none\" width=\"100%\" height=\"100%\">\r\n\t<path fill=\"currentColor\" d=\"M64 8 L0 8 L0 0 L32 7.9 L64 0 Z\"\/>\r\n<\/svg><\/div><div class=\"l-section-h i-cf\"><div class=\"g-cols vc_row via_grid cols_1 laptops-cols_inherit tablets-cols_inherit mobiles-cols_1 valign_top type_default stacking_default\"><div class=\"wpb_column vc_column_container\"><div class=\"vc_column-inner\"><div class=\"w-text us_custom_1aae332f has_text_color icon_atleft\"><span class=\"w-text-h\"><i class=\"fas fa-heart\"><\/i><span class=\"w-text-value\">Des filles pour des \u00e9v\u00e9nements, partageant des hobbies, des voyages et des d\u00eeners.<\/span><\/span><\/div><div class=\"wpb_text_column\"><div class=\"wpb_wrapper\"><h1 style=\"text-align: center;\">Nuestro blog<\/h1>\n<p style=\"text-align: center;\">D\u00e9couvrez toute l&rsquo;actualit\u00e9 de notre agence et les sujets qui vous int\u00e9ressent.<\/p>\n<\/div><\/div><div class=\"w-separator size_medium\"><\/div><div class=\"w-btn-wrapper align_center\"><a class=\"w-btn us-btn-style_1\" href=\"#1\"><span class=\"w-btn-label\">D\u00e9couvrir<\/span><\/a><\/div><\/div><\/div><\/div><\/div><\/section><section class=\"l-section wpb_row us_custom_dd6c672d height_huge\" id=\"1\"><div class=\"l-section-h i-cf\"><div class=\"g-cols vc_row via_grid cols_1 laptops-cols_inherit tablets-cols_inherit mobiles-cols_1 valign_top type_default stacking_default\"><div class=\"wpb_column vc_column_container\"><div class=\"vc_column-inner\"><div class=\"w-grid us_grid type_grid layout_264 hidden cols_3 preload_style_spinner ratio_2x3\" id=\"us_grid_1\" style=\"--columns:3;--gap:0.5rem;--item-ratio:1.5;\" data-filterable=\"true\"><style>@media (max-width:1024px){#us_grid_1{--columns:2!important}}@media (max-width:600px){#us_grid_1{--columns:1!important}}.layout_264 .w-grid-item-h{background:#ffffff;color:#1f1e1f;border-radius:0.3rem;box-shadow:0 0.03rem 0.06rem rgba(0,0,0,0.1),0 0.1rem 0.3rem rgba(0,0,0,0.1);transition-duration:0.3s}.no-touch .layout_264 .w-grid-item-h:hover{box-shadow:0 0.1rem 0.2rem rgba(0,0,0,0.1),0 0.33rem 1rem rgba(0,0,0,0.15);z-index:4}.layout_264 .usg_post_image_1{margin-bottom:-2rem!important}.layout_264 .usg_post_title_1{color:#1a1a1a!important;font-size:1.4rem!important;font-weight:700!important}.layout_264 .usg_vwrapper_1{margin-top:2rem!important;padding:9% 11% 11% 11%!important}.layout_264 .usg_hwrapper_1{color:var(--color-content-faded)!important;font-size:0.9rem!important}@media (max-width:600px){.layout_264 .usg_post_title_1{font-size:1.2rem!important}}<\/style><div class=\"w-grid-list\"><\/div>\t<div class=\"w-grid-preloader\">\r\n\t\t<div class=\"g-preloader type_1\">\r\n\t\t\t<div><\/div>\r\n\t\t<\/div>\r\n\t<\/div>\r\n\t\t<div class=\"w-grid-json hidden\" onclick='return {&quot;action&quot;:&quot;us_ajax_grid&quot;,&quot;infinite_scroll&quot;:0,&quot;max_num_pages&quot;:0,&quot;pagination&quot;:&quot;none&quot;,&quot;template_vars&quot;:{&quot;columns&quot;:&quot;3&quot;,&quot;exclude_items&quot;:&quot;none&quot;,&quot;img_size&quot;:&quot;default&quot;,&quot;ignore_items_size&quot;:0,&quot;items_layout&quot;:&quot;264&quot;,&quot;items_offset&quot;:&quot;1&quot;,&quot;load_animation&quot;:&quot;none&quot;,&quot;overriding_link&quot;:&quot;%7B%22type%22%3A%22post%22%7D&quot;,&quot;post_id&quot;:0,&quot;query_args&quot;:{&quot;post_type&quot;:[&quot;post&quot;],&quot;post_status&quot;:[&quot;publish&quot;],&quot;posts_per_page&quot;:&quot;1000&quot;},&quot;orderby_query_args&quot;:{&quot;orderby&quot;:{&quot;date&quot;:&quot;DESC&quot;}},&quot;type&quot;:&quot;grid&quot;,&quot;us_grid_post_type&quot;:&quot;post&quot;,&quot;us_grid_ajax_index&quot;:1,&quot;us_grid_filter_query_string&quot;:null,&quot;us_grid_index&quot;:1,&quot;page_args&quot;:[],&quot;lang&quot;:&quot;fr&quot;}}'><\/div>\r\n\t<\/div><div class=\"w-grid-none type_message\">Aucun r\u00e9sultat.<\/div><\/div><\/div><\/div><\/div><\/section>\n","protected":false},"excerpt":{"rendered":"Des filles pour des \u00e9v\u00e9nements, partageant des hobbies, des voyages et des d\u00eeners.Nuestro blog D\u00e9couvrez toute l&rsquo;actualit\u00e9 de notre agence et les sujets qui vous int\u00e9ressent. D\u00e9couvrir Aucun r\u00e9sultat.","protected":false},"author":1,"featured_media":0,"parent":0,"menu_order":0,"comment_status":"closed","ping_status":"closed","template":"","meta":{"_joinchat":[],"footnotes":""},"class_list":["post-400","page","type-page","status-publish","hentry"],"yoast_head":"<!-- This site is optimized with the Yoast SEO plugin v27.0 - https:\/\/yoast.com\/product\/yoast-seo-wordpress\/ -->\n<title>Blog Secrets \u00c9rotiques | Actualit\u00e9s et Conseils<\/title>\n<meta name=\"description\" content=\"Explorez le blog Erotic Secrets et d\u00e9couvrez des articles, des actualit\u00e9s et des conseils sur les escortes et les exp\u00e9riences de luxe.\" \/>\n<meta name=\"robots\" content=\"index, follow, max-snippet:-1, max-image-preview:large, max-video-preview:-1\" \/>\n<link rel=\"canonical\" href=\"https:\/\/escorts-madrid.com\/fr\/blog\/\" \/>\n<meta property=\"og:locale\" content=\"fr_FR\" \/>\n<meta property=\"og:type\" content=\"article\" \/>\n<meta property=\"og:title\" content=\"Blog Secrets \u00c9rotiques | Actualit\u00e9s et Conseils\" \/>\n<meta property=\"og:description\" content=\"Explorez le blog Erotic Secrets et d\u00e9couvrez des articles, des actualit\u00e9s et des conseils sur les escortes et les exp\u00e9riences de luxe.\" \/>\n<meta property=\"og:url\" content=\"https:\/\/escorts-madrid.com\/fr\/blog\/\" \/>\n<meta property=\"og:site_name\" content=\"Escorts-Madrid.com\" \/>\n<meta property=\"article:modified_time\" content=\"2025-08-19T11:07:15+00:00\" \/>\n<meta property=\"og:image\" content=\"https:\/\/escorts-madrid.com\/wp-content\/uploads\/2025\/01\/chicas-de-lujo-en-madrid.jpg\" \/>\n\t<meta property=\"og:image:width\" content=\"1000\" \/>\n\t<meta property=\"og:image:height\" content=\"684\" \/>\n\t<meta property=\"og:image:type\" content=\"image\/jpeg\" \/>\n<meta name=\"twitter:card\" content=\"summary_large_image\" \/>\n<meta name=\"twitter:label1\" content=\"Dur\u00e9e de lecture estim\u00e9e\" \/>\n\t<meta name=\"twitter:data1\" content=\"1 minute\" \/>\n<script type=\"application\/ld+json\" class=\"yoast-schema-graph\">{\"@context\":\"https:\/\/schema.org\",\"@graph\":[{\"@type\":\"WebPage\",\"@id\":\"https:\/\/escorts-madrid.com\/fr\/blog\/\",\"url\":\"https:\/\/escorts-madrid.com\/fr\/blog\/\",\"name\":\"Blog Secrets \u00c9rotiques | Actualit\u00e9s et Conseils\",\"isPartOf\":{\"@id\":\"https:\/\/escorts-madrid.com\/fr\/#website\"},\"datePublished\":\"2023-12-09T11:31:37+00:00\",\"dateModified\":\"2025-08-19T11:07:15+00:00\",\"description\":\"Explorez le blog Erotic Secrets et d\u00e9couvrez des articles, des actualit\u00e9s et des conseils sur les escortes et les exp\u00e9riences de luxe.\",\"breadcrumb\":{\"@id\":\"https:\/\/escorts-madrid.com\/fr\/blog\/#breadcrumb\"},\"inLanguage\":\"fr-FR\",\"potentialAction\":[{\"@type\":\"ReadAction\",\"target\":[\"https:\/\/escorts-madrid.com\/fr\/blog\/\"]}]},{\"@type\":\"BreadcrumbList\",\"@id\":\"https:\/\/escorts-madrid.com\/fr\/blog\/#breadcrumb\",\"itemListElement\":[{\"@type\":\"ListItem\",\"position\":1,\"name\":\"Inicio\",\"item\":\"https:\/\/escorts-madrid.com\/fr\/escort-madrid\/\"},{\"@type\":\"ListItem\",\"position\":2,\"name\":\"Secrets \u00e9rotiques\"}]},{\"@type\":\"WebSite\",\"@id\":\"https:\/\/escorts-madrid.com\/fr\/#website\",\"url\":\"https:\/\/escorts-madrid.com\/fr\/\",\"name\":\"Escorts-Madrid\",\"description\":\"Agencia de escorts Madrid\",\"publisher\":{\"@id\":\"https:\/\/escorts-madrid.com\/fr\/#organization\"},\"alternateName\":\"Escorts-Madrid.com\",\"potentialAction\":[{\"@type\":\"SearchAction\",\"target\":{\"@type\":\"EntryPoint\",\"urlTemplate\":\"https:\/\/escorts-madrid.com\/fr\/?s={search_term_string}\"},\"query-input\":{\"@type\":\"PropertyValueSpecification\",\"valueRequired\":true,\"valueName\":\"search_term_string\"}}],\"inLanguage\":\"fr-FR\"},{\"@type\":\"Organization\",\"@id\":\"https:\/\/escorts-madrid.com\/fr\/#organization\",\"name\":\"Escorts-Madrid.com\",\"alternateName\":\"Escorts-Madrid\",\"url\":\"https:\/\/escorts-madrid.com\/fr\/\",\"logo\":{\"@type\":\"ImageObject\",\"inLanguage\":\"fr-FR\",\"@id\":\"https:\/\/escorts-madrid.com\/fr\/#\/schema\/logo\/image\/\",\"url\":\"https:\/\/escorts-madrid.com\/wp-content\/uploads\/2023\/12\/logo-ok.png\",\"contentUrl\":\"https:\/\/escorts-madrid.com\/wp-content\/uploads\/2023\/12\/logo-ok.png\",\"width\":454,\"height\":170,\"caption\":\"Escorts-Madrid.com\"},\"image\":{\"@id\":\"https:\/\/escorts-madrid.com\/fr\/#\/schema\/logo\/image\/\"}}]}<\/script>\n<!-- \/ Yoast SEO plugin. -->","yoast_head_json":{"title":"Blog Secrets \u00c9rotiques | Actualit\u00e9s et Conseils","description":"Explorez le blog Erotic Secrets et d\u00e9couvrez des articles, des actualit\u00e9s et des conseils sur les escortes et les exp\u00e9riences de luxe.","robots":{"index":"index","follow":"follow","max-snippet":"max-snippet:-1","max-image-preview":"max-image-preview:large","max-video-preview":"max-video-preview:-1"},"canonical":"https:\/\/escorts-madrid.com\/fr\/blog\/","og_locale":"fr_FR","og_type":"article","og_title":"Blog Secrets \u00c9rotiques | Actualit\u00e9s et Conseils","og_description":"Explorez le blog Erotic Secrets et d\u00e9couvrez des articles, des actualit\u00e9s et des conseils sur les escortes et les exp\u00e9riences de luxe.","og_url":"https:\/\/escorts-madrid.com\/fr\/blog\/","og_site_name":"Escorts-Madrid.com","article_modified_time":"2025-08-19T11:07:15+00:00","og_image":[{"width":1000,"height":684,"url":"https:\/\/escorts-madrid.com\/wp-content\/uploads\/2025\/01\/chicas-de-lujo-en-madrid.jpg","type":"image\/jpeg"}],"twitter_card":"summary_large_image","twitter_misc":{"Dur\u00e9e de lecture estim\u00e9e":"1 minute"},"schema":{"@context":"https:\/\/schema.org","@graph":[{"@type":"WebPage","@id":"https:\/\/escorts-madrid.com\/fr\/blog\/","url":"https:\/\/escorts-madrid.com\/fr\/blog\/","name":"Blog Secrets \u00c9rotiques | Actualit\u00e9s et Conseils","isPartOf":{"@id":"https:\/\/escorts-madrid.com\/fr\/#website"},"datePublished":"2023-12-09T11:31:37+00:00","dateModified":"2025-08-19T11:07:15+00:00","description":"Explorez le blog Erotic Secrets et d\u00e9couvrez des articles, des actualit\u00e9s et des conseils sur les escortes et les exp\u00e9riences de luxe.","breadcrumb":{"@id":"https:\/\/escorts-madrid.com\/fr\/blog\/#breadcrumb"},"inLanguage":"fr-FR","potentialAction":[{"@type":"ReadAction","target":["https:\/\/escorts-madrid.com\/fr\/blog\/"]}]},{"@type":"BreadcrumbList","@id":"https:\/\/escorts-madrid.com\/fr\/blog\/#breadcrumb","itemListElement":[{"@type":"ListItem","position":1,"name":"Inicio","item":"https:\/\/escorts-madrid.com\/fr\/escort-madrid\/"},{"@type":"ListItem","position":2,"name":"Secrets \u00e9rotiques"}]},{"@type":"WebSite","@id":"https:\/\/escorts-madrid.com\/fr\/#website","url":"https:\/\/escorts-madrid.com\/fr\/","name":"Escorts-Madrid","description":"Agencia de escorts Madrid","publisher":{"@id":"https:\/\/escorts-madrid.com\/fr\/#organization"},"alternateName":"Escorts-Madrid.com","potentialAction":[{"@type":"SearchAction","target":{"@type":"EntryPoint","urlTemplate":"https:\/\/escorts-madrid.com\/fr\/?s={search_term_string}"},"query-input":{"@type":"PropertyValueSpecification","valueRequired":true,"valueName":"search_term_string"}}],"inLanguage":"fr-FR"},{"@type":"Organization","@id":"https:\/\/escorts-madrid.com\/fr\/#organization","name":"Escorts-Madrid.com","alternateName":"Escorts-Madrid","url":"https:\/\/escorts-madrid.com\/fr\/","logo":{"@type":"ImageObject","inLanguage":"fr-FR","@id":"https:\/\/escorts-madrid.com\/fr\/#\/schema\/logo\/image\/","url":"https:\/\/escorts-madrid.com\/wp-content\/uploads\/2023\/12\/logo-ok.png","contentUrl":"https:\/\/escorts-madrid.com\/wp-content\/uploads\/2023\/12\/logo-ok.png","width":454,"height":170,"caption":"Escorts-Madrid.com"},"image":{"@id":"https:\/\/escorts-madrid.com\/fr\/#\/schema\/logo\/image\/"}}]}},"_links":{"self":[{"href":"https:\/\/escorts-madrid.com\/fr\/wp-json\/wp\/v2\/pages\/400","targetHints":{"allow":["GET"]}}],"collection":[{"href":"https:\/\/escorts-madrid.com\/fr\/wp-json\/wp\/v2\/pages"}],"about":[{"href":"https:\/\/escorts-madrid.com\/fr\/wp-json\/wp\/v2\/types\/page"}],"author":[{"embeddable":true,"href":"https:\/\/escorts-madrid.com\/fr\/wp-json\/wp\/v2\/users\/1"}],"replies":[{"embeddable":true,"href":"https:\/\/escorts-madrid.com\/fr\/wp-json\/wp\/v2\/comments?post=400"}],"version-history":[{"count":4,"href":"https:\/\/escorts-madrid.com\/fr\/wp-json\/wp\/v2\/pages\/400\/revisions"}],"predecessor-version":[{"id":6264,"href":"https:\/\/escorts-madrid.com\/fr\/wp-json\/wp\/v2\/pages\/400\/revisions\/6264"}],"wp:attachment":[{"href":"https:\/\/escorts-madrid.com\/fr\/wp-json\/wp\/v2\/media?parent=400"}],"curies":[{"name":"wp","href":"https:\/\/api.w.org\/{rel}","templated":true}]}}