{"id":468,"date":"2023-12-09T12:31:19","date_gmt":"2023-12-09T11:31:19","guid":{"rendered":"https:\/\/escorts-madrid.com\/casting\/"},"modified":"2025-07-28T12:01:03","modified_gmt":"2025-07-28T10:01:03","slug":"casting","status":"publish","type":"page","link":"https:\/\/escorts-madrid.com\/fr\/casting\/","title":{"rendered":"Casting"},"content":{"rendered":"<section class=\"l-section wpb_row us_custom_dd6c672d height_medium full_height valign_center color_primary with_img parallax_ver with_shape\"><div class=\"l-section-img lazyload\" role=\"img\" aria-label=\"escorts Barajas\" data-img-width=\"1000\" data-img-height=\"765\" style=\"background-image:inherit;background-position: top center;\" data-bg-image=\"url(https:\/\/escorts-madrid.com\/wp-content\/uploads\/2023\/12\/chica-lujo-escort-madrid.jpg)\"><\/div><div class=\"l-section-overlay\" style=\"background:rgba(0,0,0,0.45)\"><\/div><div class=\"l-section-shape type_triangle pos_bottom\" style=\"height:15vmin;\"><svg xmlns=\"http:\/\/www.w3.org\/2000\/svg\" viewBox=\"0 0 64 8\" preserveAspectRatio=\"none\" width=\"100%\" height=\"100%\">\r\n\t<path fill=\"currentColor\" d=\"M64 8 L0 8 L0 0 L32 7.9 L64 0 Z\"\/>\r\n<\/svg><\/div><div class=\"l-section-h i-cf\"><div class=\"g-cols vc_row via_grid cols_1 laptops-cols_inherit tablets-cols_inherit mobiles-cols_1 valign_top type_default stacking_default\"><div class=\"wpb_column vc_column_container\"><div class=\"vc_column-inner\"><div class=\"w-text us_custom_1aae332f has_text_color icon_atleft\"><span class=\"w-text-h\"><i class=\"fas fa-heart\"><\/i><span class=\"w-text-value\">Des filles pour des \u00e9v\u00e9nements, partageant des hobbies, des voyages et des d\u00eeners.<\/span><\/span><\/div><div class=\"wpb_text_column\"><div class=\"wpb_wrapper\"><h1 style=\"text-align: center;\">Notre casting<\/h1>\n<p style=\"text-align: center;\">Fait partie de Escorts-Madrid.<\/p>\n<\/div><\/div><div class=\"w-separator size_medium\"><\/div><div class=\"w-btn-wrapper align_center\"><a class=\"w-btn us-btn-style_1\" href=\"#1\"><span class=\"w-btn-label\">En savoir plus<\/span><\/a><\/div><\/div><\/div><\/div><\/div><\/section><section class=\"l-section wpb_row us_custom_dd6c672d height_huge\" id=\"1\"><div class=\"l-section-h i-cf\"><div class=\"g-cols vc_row via_grid cols_1 laptops-cols_inherit tablets-cols_inherit mobiles-cols_1 valign_top type_default stacking_default\"><div class=\"wpb_column vc_column_container\"><div class=\"vc_column-inner\"><div class=\"wpb_text_column\"><div class=\"wpb_wrapper\"><h2 style=\"text-align: center;\">Casting<\/h2>\n<p style=\"text-align: left;\">Si vous souhaitez rejoindre notre <a href=\"https:\/\/escorts-madrid.com\/fr\/\"><strong>agence d&rsquo;escortes \u00e0 Madrid<\/strong><\/a> nous vous demandons de remplir le formulaire suivant. Nous vous contacterons pour vous informer si vous remplissez les conditions requises pour figurer sur notre site web. <\/p>\n<p style=\"text-align: left;\">Nous tenons \u00e0 vous assurer que toutes les donn\u00e9es que vous nous transmettez seront trait\u00e9es en toute confidentialit\u00e9.<\/p>\n<p style=\"text-align: left;\">Si vous \u00eates une femme s\u00e9duisante et \u00e9l\u00e9gante et que vous r\u00e9pondez \u00e0 nos exigences, nous vous invitons \u00e0 nous contacter pour entamer le processus de s\u00e9lection.<\/p>\n<p style=\"text-align: left;\"><strong>Telles sont nos exigences :<\/strong><\/p>\n<ul style=\"text-align: left;\">\n<li>\u00catre \u00e2g\u00e9 de 18 \u00e0 35 ans, avoir de la culture, de la beaut\u00e9 et de l&rsquo;\u00e9l\u00e9gance.<\/li>\n<li>\u00catre dispos\u00e9 \u00e0 offrir des services d&rsquo;accompagnement \u00e0 titre gratuit.<\/li>\n<\/ul>\n<div>\n<p style=\"text-align: left;\"><strong>Que proposons-nous \u00e0 nos escortes de haut niveau ?<\/strong><\/p>\n<ul style=\"text-align: left;\">\n<li>Confidentialit\u00e9, s\u00e9curit\u00e9, anonymat et professionnalisme.<\/li>\n<li>Un revenu mensuel \u00e9lev\u00e9 vous assure une stabilit\u00e9 financi\u00e8re pour faire face \u00e0 vos caprices ou \u00e0 vos d\u00e9penses.<\/li>\n<li>Flexibilit\u00e9 de votre emploi du temps, adaptation \u00e0 vos besoins, \u00e0 votre vie priv\u00e9e ou professionnelle. Si vous cherchez une place en tant qu&rsquo;escorte \u00e0 Madrid, vous pouvez essayer la libert\u00e9 que vous offre une agence de haut niveau. <\/li>\n<li>Notre agence se concentre sur des clients de haut niveau, s\u00e9lectionn\u00e9s, \u00e9duqu\u00e9s et respectueux. Cela vous permet de b\u00e9n\u00e9ficier d&rsquo;une s\u00e9curit\u00e9 et d&rsquo;une confiance totales lors de tous vos rendez-vous. <\/li>\n<\/ul>\n<p style=\"text-align: left;\"><strong>Conditions :<\/strong><\/p>\n<ul>\n<li style=\"text-align: left;\">Vous devez \u00eatre \u00e2g\u00e9 d&rsquo;au moins 18 ans.<\/li>\n<li style=\"text-align: left;\">Vous devez savoir comment vous comporter dans toutes sortes de situations et d&rsquo;\u00e9v\u00e9nements, \u00eatre poli et montrer de l&rsquo;int\u00e9r\u00eat pour toutes vos activit\u00e9s.<\/li>\n<li style=\"text-align: left;\">Une exp\u00e9rience des moments intimes est indispensable.<\/li>\n<li style=\"text-align: left;\">S\u00e9lectionnez vos meilleures photos, o\u00f9 nous pourrons appr\u00e9cier votre beaut\u00e9. N&rsquo;oubliez pas qu&rsquo;il doit s&rsquo;agir de photos 100% r\u00e9elles et non retouch\u00e9es. <\/li>\n<li style=\"text-align: left;\">Le nombre de places est limit\u00e9.<\/li>\n<\/ul>\n<\/div>\n<\/div><\/div><div class=\"w-separator us_custom_34e71bd9 has_text_color size_custom\" style=\"height:4vmax\" id=\"sb6f\"><style><\/style><\/div><\/div><\/div><\/div><\/div><\/section><section class=\"l-section wpb_row height_huge color_secondary with_img parallax_ver\"><div class=\"l-section-img lazyload\" role=\"img\" aria-label=\"Image\" data-img-width=\"1000\" data-img-height=\"634\" style=\"background-image:inherit;\" data-bg-image=\"url(https:\/\/escorts-madrid.com\/wp-content\/uploads\/2023\/12\/escorts-madrid.jpg)\"><\/div><div class=\"l-section-overlay\" style=\"background:linear-gradient(90deg,#000,rgba(0,0,0,0.00))\"><\/div><div class=\"l-section-h i-cf\"><div class=\"g-cols vc_row via_grid cols_1 laptops-cols_inherit tablets-cols_1 mobiles-cols_1 valign_top type_default reversed stacking_default\" style=\"--columns-gap:0rem;\"><div class=\"wpb_column vc_column_container us_custom_fd43344c\"><div class=\"vc_column-inner\"><div class=\"w-text us_custom_c2f880d3 has_text_color\"><span class=\"w-text-h\"><span class=\"w-text-value\">Participez \u00e0 notre casting<\/span><\/span><\/div><div class=\"w-separator size_small\"><\/div><h3 class=\"w-text us_custom_842faaf7\"><span class=\"w-text-h\"><span class=\"w-text-value\">Remplissez le formulaire<br \/>\n<\/span><\/span><\/h3><div class=\"g-cols wpb_row via_grid cols_1 laptops-cols_inherit tablets-cols_inherit mobiles-cols_1 valign_top type_default stacking_default\" style=\"--columns-gap:3rem;\"><div class=\"wpb_column vc_column_container\"><div class=\"vc_column-inner\"><form class=\"w-form  us-field-style_1 layout_ver show_message_after_sending for_cform us_form_1\" action=\"https:\/\/escorts-madrid.com\/fr\/wp-json\/wp\/v2\/pages\/468\" method=\"post\" enctype=\"multipart\/form-data\"><div class=\"w-form-h\"><div class=\"w-form-row for_text required cols_2\">\r\n\t\t<div class=\"w-form-row-field\">\r\n\t\t\t\t\t\t<input aria-label=\"Nom\" type=\"text\" name=\"us_form_1_text_1\" value placeholder=\"Nom *\" data-required=\"true\" aria-required=\"true\"\/>\r\n\t\t\t<\/div>\r\n\t\t<div class=\"w-form-row-state\">Vous devez remplir ce champ<\/div>\r\n<\/div>\r\n<div class=\"w-form-row for_text required cols_2\">\r\n\t\t<div class=\"w-form-row-field\">\r\n\t\t\t\t\t\t<input aria-label=\"L&#039;\u00e2ge\" type=\"text\" name=\"us_form_1_text_2\" value placeholder=\"L&#039;\u00e2ge *\" data-required=\"true\" aria-required=\"true\"\/>\r\n\t\t\t<\/div>\r\n\t\t<div class=\"w-form-row-state\">Vous devez remplir ce champ<\/div>\r\n<\/div>\r\n<div class=\"w-form-row for_text required\">\r\n\t\t<div class=\"w-form-row-field\">\r\n\t\t\t\t\t\t<input aria-label=\"Nationalit\u00e9\" type=\"text\" name=\"us_form_1_text_3\" value placeholder=\"Nationalit\u00e9 *\" data-required=\"true\" aria-required=\"true\"\/>\r\n\t\t\t<\/div>\r\n\t\t<div class=\"w-form-row-state\">Vous devez remplir ce champ<\/div>\r\n<\/div>\r\n<div class=\"w-form-row for_text required cols_2\">\r\n\t\t<div class=\"w-form-row-field\">\r\n\t\t\t\t\t\t<input aria-label=\"T\u00e9l\u00e9phone\" inputmode=\"tel\" type=\"text\" name=\"us_form_1_text_4\" value placeholder=\"T\u00e9l\u00e9phone *\" data-required=\"true\" aria-required=\"true\"\/>\r\n\t\t\t<\/div>\r\n\t\t<div class=\"w-form-row-state\">Vous devez remplir ce champ<\/div>\r\n<\/div>\r\n<div class=\"w-form-row for_email required cols_2\">\r\n\t\t<div class=\"w-form-row-field\">\r\n\t\t\t\t\t\t<input aria-label=\"Adresse \u00e9lectronique\" type=\"email\" name=\"us_form_1_email_1\" value placeholder=\"Adresse \u00e9lectronique *\" data-required=\"true\" aria-required=\"true\"\/>\r\n\t\t\t<\/div>\r\n\t\t<div class=\"w-form-row-state\">Veuillez saisir une adresse e-mail valide.<\/div>\r\n<\/div>\r\n<div class=\"w-form-row for_info\">\r\n\t<p>Prise de vue<\/p>\r\n<\/div>\r\n<div class=\"w-form-row for_file required\">\r\n\t\t<div class=\"w-form-row-field\">\r\n\t\t\t\t\t\t<input aria-label=\"us_form_1_file_1\" type=\"file\" name=\"us_form_1_file_1\" accept=\".pdf,.jpg,.jpeg,.png\" data-std=\"10MB\" data-max_size=\"10\" data-required=\"true\" aria-required=\"true\"\/>\r\n\t\t\t<\/div>\r\n\t\t<div class=\"w-form-row-state\">Vous devez remplir ce champ<\/div>\r\n<\/div>\r\n<div class=\"w-form-row for_info\">\r\n\t<p>Tirs au corps<\/p>\r\n<\/div>\r\n<div class=\"w-form-row for_file required cols_2\">\r\n\t\t<div class=\"w-form-row-field\">\r\n\t\t\t\t\t\t<input aria-label=\"us_form_1_file_2\" type=\"file\" name=\"us_form_1_file_2\" accept=\".pdf,.jpg,.jpeg,.png\" data-std=\"10MB\" data-max_size=\"10\" data-required=\"true\" aria-required=\"true\"\/>\r\n\t\t\t<\/div>\r\n\t\t<div class=\"w-form-row-state\">Vous devez remplir ce champ<\/div>\r\n<\/div>\r\n<div class=\"w-form-row for_file required cols_2\">\r\n\t\t<div class=\"w-form-row-field\">\r\n\t\t\t\t\t\t<input aria-label=\"us_form_1_file_3\" type=\"file\" name=\"us_form_1_file_3\" accept=\".pdf,.jpg,.jpeg,.png\" data-std=\"10MB\" data-max_size=\"10\" data-required=\"true\" aria-required=\"true\"\/>\r\n\t\t\t<\/div>\r\n\t\t<div class=\"w-form-row-state\">Vous devez remplir ce champ<\/div>\r\n<\/div>\r\n<div class=\"w-form-row for_file required cols_2\">\r\n\t\t<div class=\"w-form-row-field\">\r\n\t\t\t\t\t\t<input aria-label=\"us_form_1_file_4\" type=\"file\" name=\"us_form_1_file_4\" accept=\".pdf,.jpg,.jpeg,.png\" data-std=\"10MB\" data-max_size=\"10\" data-required=\"true\" aria-required=\"true\"\/>\r\n\t\t\t<\/div>\r\n\t\t<div class=\"w-form-row-state\">Vous devez remplir ce champ<\/div>\r\n<\/div>\r\n<div class=\"w-form-row for_file required cols_2\">\r\n\t\t<div class=\"w-form-row-field\">\r\n\t\t\t\t\t\t<input aria-label=\"us_form_1_file_5\" type=\"file\" name=\"us_form_1_file_5\" accept=\".pdf,.jpg,.jpeg,.png\" data-std=\"10MB\" data-max_size=\"10\" data-required=\"true\" aria-required=\"true\"\/>\r\n\t\t\t<\/div>\r\n\t\t<div class=\"w-form-row-state\">Vous devez remplir ce champ<\/div>\r\n<\/div>\r\n<div class=\"w-form-row for_textarea required\">\r\n\t\t<div class=\"w-form-row-field\">\r\n\t\t\t\t\t\t<textarea aria-label=\"Parlez-nous de vous\" name=\"us_form_1_textarea_1\" placeholder=\"Parlez-nous de vous *\" data-required=\"true\" aria-required=\"true\"><\/textarea>\r\n\t\t\t<\/div>\r\n\t\t<div class=\"w-form-row-state\">Vous devez remplir ce champ<\/div>\r\n<\/div>\r\n<div class=\"w-form-row for_captcha required\">\r\n\t<div class=\"w-form-row-label\">\r\n\t\t<span> <span>25 + 1 = ?<\/span><\/span>\r\n\t<\/div>\r\n\t<div class=\"w-form-row-field\">\r\n\t\t\t\t<input type=\"hidden\" name=\"us_form_1_captcha_1_hash\" value=\"130019b4f4aa5e7c104815d9fcbee094\" \/>\r\n\t\t\t\t<input aria-label=\"us_form_1_captcha_1\" type=\"text\" name=\"us_form_1_captcha_1\" placeholder data-required=\"true\" aria-required=\"true\"\/>\r\n\t\t\t<\/div>\r\n\t\t<div class=\"w-form-row-state\">Entrer le r\u00e9sultat de l'op\u00e9ration pour continuer<\/div>\r\n<\/div>\r\n<div class=\"w-form-row for_agreement required\">\r\n\t\t<div class=\"w-form-row-field\">\r\n\t\t\t\t<label>\r\n\t\t\t<input type=\"checkbox\" value=\"1\" data-required=\"true\" aria-required=\"true\" name=\"us_form_1_agreement_1\"\/>\r\n\t\t\t<span>J'accepte la politique de confidentialit\u00e9<\/strong><\/a> et les <strong>mentions l\u00e9gales<\/strong><\/a> de ce site web.<\/span>\r\n\t\t<\/label>\r\n\t\t\t<\/div>\r\n\t\t<div class=\"w-form-row-state\">Vous devez accepter les conditions pour continuer<\/div>\r\n<\/div>\r\n<input type=\"hidden\" name=\"action\" value=\"us_ajax_cform\" \/>\r\n<input type=\"hidden\" name=\"post_id\" value=\"0\" \/>\r\n<input type=\"hidden\" name=\"form_index\" value=\"1\" \/>\r\n<div class=\"w-form-row for_submit align_none\">\r\n\t<button class=\"w-btn  us-btn-style_1\" aria-label=\"Envoyer\" type=\"submit\">\r\n\t\t<span class=\"g-preloader type_1\"><\/span>\r\n\t\t\t\t<span class=\"w-btn-label\">Envoyer<\/span>\r\n\t\t\t<\/button>\r\n\t<\/div>\r\n<\/div><div class=\"w-form-message\"><\/div><div class=\"w-form-json hidden\" onclick='return {&quot;ajaxurl&quot;:&quot;https:\\\/\\\/escorts-madrid.com\\\/wp-admin\\\/admin-ajax.php&quot;,&quot;messages&quot;:{&quot;err_empty&quot;:&quot;Vous devez remplir ce champ&quot;,&quot;err_size&quot;:&quot;La taille du fichier ne peut pas d\\u00e9passer %s Mo&quot;,&quot;err_extension&quot;:&quot;Le type de fichier %s n&#039;est pas autoris\\u00e9&quot;,&quot;err_recaptcha_keys&quot;:&quot;Les cl\\u00e9s reCAPTCHA sont incorrectes&quot;}}'><\/div><\/form><\/div><\/div><\/div><\/div><\/div><\/div><\/div><\/section>\n","protected":false},"excerpt":{"rendered":"Des filles pour des \u00e9v\u00e9nements, partageant des hobbies, des voyages et des d\u00eeners.Notre casting Fait partie de Escorts-Madrid. En savoir plusCasting Si vous souhaitez rejoindre notre agence d&rsquo;escortes \u00e0 Madrid nous vous demandons de remplir le formulaire suivant. Nous vous contacterons pour vous informer si vous remplissez les conditions requises pour figurer sur notre site...","protected":false},"author":1,"featured_media":0,"parent":0,"menu_order":0,"comment_status":"closed","ping_status":"closed","template":"","meta":{"_joinchat":[],"footnotes":""},"class_list":["post-468","page","type-page","status-publish","hentry"],"yoast_head":"<!-- This site is optimized with the Yoast SEO plugin v27.0 - https:\/\/yoast.com\/product\/yoast-seo-wordpress\/ -->\n<title>Casting | Escorts-Madrid.com<\/title>\n<meta name=\"robots\" content=\"noindex, follow\" \/>\n<meta property=\"og:locale\" content=\"fr_FR\" \/>\n<meta property=\"og:type\" content=\"article\" \/>\n<meta property=\"og:title\" content=\"Casting | Escorts-Madrid.com\" \/>\n<meta property=\"og:url\" content=\"https:\/\/escorts-madrid.com\/fr\/casting\/\" \/>\n<meta property=\"og:site_name\" content=\"Escorts-Madrid.com\" \/>\n<meta property=\"article:modified_time\" content=\"2025-07-28T10:01:03+00:00\" \/>\n<meta property=\"og:image\" content=\"https:\/\/escorts-madrid.com\/wp-content\/uploads\/2025\/01\/chicas-de-lujo-en-madrid.jpg\" \/>\n\t<meta property=\"og:image:width\" content=\"1000\" \/>\n\t<meta property=\"og:image:height\" content=\"684\" \/>\n\t<meta property=\"og:image:type\" content=\"image\/jpeg\" \/>\n<meta name=\"twitter:card\" content=\"summary_large_image\" \/>\n<meta name=\"twitter:label1\" content=\"Dur\u00e9e de lecture estim\u00e9e\" \/>\n\t<meta name=\"twitter:data1\" content=\"9 minutes\" \/>\n<script type=\"application\/ld+json\" class=\"yoast-schema-graph\">{\"@context\":\"https:\/\/schema.org\",\"@graph\":[{\"@type\":\"WebPage\",\"@id\":\"https:\/\/escorts-madrid.com\/fr\/casting\/\",\"url\":\"https:\/\/escorts-madrid.com\/fr\/casting\/\",\"name\":\"Casting | Escorts-Madrid.com\",\"isPartOf\":{\"@id\":\"https:\/\/escorts-madrid.com\/fr\/#website\"},\"datePublished\":\"2023-12-09T11:31:19+00:00\",\"dateModified\":\"2025-07-28T10:01:03+00:00\",\"breadcrumb\":{\"@id\":\"https:\/\/escorts-madrid.com\/fr\/casting\/#breadcrumb\"},\"inLanguage\":\"fr-FR\",\"potentialAction\":[{\"@type\":\"ReadAction\",\"target\":[\"https:\/\/escorts-madrid.com\/fr\/casting\/\"]}]},{\"@type\":\"BreadcrumbList\",\"@id\":\"https:\/\/escorts-madrid.com\/fr\/casting\/#breadcrumb\",\"itemListElement\":[{\"@type\":\"ListItem\",\"position\":1,\"name\":\"Inicio\",\"item\":\"https:\/\/escorts-madrid.com\/fr\/escort-madrid\/\"},{\"@type\":\"ListItem\",\"position\":2,\"name\":\"Casting\"}]},{\"@type\":\"WebSite\",\"@id\":\"https:\/\/escorts-madrid.com\/fr\/#website\",\"url\":\"https:\/\/escorts-madrid.com\/fr\/\",\"name\":\"Escorts-Madrid\",\"description\":\"Agencia de escorts Madrid\",\"publisher\":{\"@id\":\"https:\/\/escorts-madrid.com\/fr\/#organization\"},\"alternateName\":\"Escorts-Madrid.com\",\"potentialAction\":[{\"@type\":\"SearchAction\",\"target\":{\"@type\":\"EntryPoint\",\"urlTemplate\":\"https:\/\/escorts-madrid.com\/fr\/?s={search_term_string}\"},\"query-input\":{\"@type\":\"PropertyValueSpecification\",\"valueRequired\":true,\"valueName\":\"search_term_string\"}}],\"inLanguage\":\"fr-FR\"},{\"@type\":\"Organization\",\"@id\":\"https:\/\/escorts-madrid.com\/fr\/#organization\",\"name\":\"Escorts-Madrid.com\",\"alternateName\":\"Escorts-Madrid\",\"url\":\"https:\/\/escorts-madrid.com\/fr\/\",\"logo\":{\"@type\":\"ImageObject\",\"inLanguage\":\"fr-FR\",\"@id\":\"https:\/\/escorts-madrid.com\/fr\/#\/schema\/logo\/image\/\",\"url\":\"https:\/\/escorts-madrid.com\/wp-content\/uploads\/2023\/12\/logo-ok.png\",\"contentUrl\":\"https:\/\/escorts-madrid.com\/wp-content\/uploads\/2023\/12\/logo-ok.png\",\"width\":454,\"height\":170,\"caption\":\"Escorts-Madrid.com\"},\"image\":{\"@id\":\"https:\/\/escorts-madrid.com\/fr\/#\/schema\/logo\/image\/\"}}]}<\/script>\n<!-- \/ Yoast SEO plugin. -->","yoast_head_json":{"title":"Casting | Escorts-Madrid.com","robots":{"index":"noindex","follow":"follow"},"og_locale":"fr_FR","og_type":"article","og_title":"Casting | Escorts-Madrid.com","og_url":"https:\/\/escorts-madrid.com\/fr\/casting\/","og_site_name":"Escorts-Madrid.com","article_modified_time":"2025-07-28T10:01:03+00:00","og_image":[{"width":1000,"height":684,"url":"https:\/\/escorts-madrid.com\/wp-content\/uploads\/2025\/01\/chicas-de-lujo-en-madrid.jpg","type":"image\/jpeg"}],"twitter_card":"summary_large_image","twitter_misc":{"Dur\u00e9e de lecture estim\u00e9e":"9 minutes"},"schema":{"@context":"https:\/\/schema.org","@graph":[{"@type":"WebPage","@id":"https:\/\/escorts-madrid.com\/fr\/casting\/","url":"https:\/\/escorts-madrid.com\/fr\/casting\/","name":"Casting | Escorts-Madrid.com","isPartOf":{"@id":"https:\/\/escorts-madrid.com\/fr\/#website"},"datePublished":"2023-12-09T11:31:19+00:00","dateModified":"2025-07-28T10:01:03+00:00","breadcrumb":{"@id":"https:\/\/escorts-madrid.com\/fr\/casting\/#breadcrumb"},"inLanguage":"fr-FR","potentialAction":[{"@type":"ReadAction","target":["https:\/\/escorts-madrid.com\/fr\/casting\/"]}]},{"@type":"BreadcrumbList","@id":"https:\/\/escorts-madrid.com\/fr\/casting\/#breadcrumb","itemListElement":[{"@type":"ListItem","position":1,"name":"Inicio","item":"https:\/\/escorts-madrid.com\/fr\/escort-madrid\/"},{"@type":"ListItem","position":2,"name":"Casting"}]},{"@type":"WebSite","@id":"https:\/\/escorts-madrid.com\/fr\/#website","url":"https:\/\/escorts-madrid.com\/fr\/","name":"Escorts-Madrid","description":"Agencia de escorts Madrid","publisher":{"@id":"https:\/\/escorts-madrid.com\/fr\/#organization"},"alternateName":"Escorts-Madrid.com","potentialAction":[{"@type":"SearchAction","target":{"@type":"EntryPoint","urlTemplate":"https:\/\/escorts-madrid.com\/fr\/?s={search_term_string}"},"query-input":{"@type":"PropertyValueSpecification","valueRequired":true,"valueName":"search_term_string"}}],"inLanguage":"fr-FR"},{"@type":"Organization","@id":"https:\/\/escorts-madrid.com\/fr\/#organization","name":"Escorts-Madrid.com","alternateName":"Escorts-Madrid","url":"https:\/\/escorts-madrid.com\/fr\/","logo":{"@type":"ImageObject","inLanguage":"fr-FR","@id":"https:\/\/escorts-madrid.com\/fr\/#\/schema\/logo\/image\/","url":"https:\/\/escorts-madrid.com\/wp-content\/uploads\/2023\/12\/logo-ok.png","contentUrl":"https:\/\/escorts-madrid.com\/wp-content\/uploads\/2023\/12\/logo-ok.png","width":454,"height":170,"caption":"Escorts-Madrid.com"},"image":{"@id":"https:\/\/escorts-madrid.com\/fr\/#\/schema\/logo\/image\/"}}]}},"_links":{"self":[{"href":"https:\/\/escorts-madrid.com\/fr\/wp-json\/wp\/v2\/pages\/468","targetHints":{"allow":["GET"]}}],"collection":[{"href":"https:\/\/escorts-madrid.com\/fr\/wp-json\/wp\/v2\/pages"}],"about":[{"href":"https:\/\/escorts-madrid.com\/fr\/wp-json\/wp\/v2\/types\/page"}],"author":[{"embeddable":true,"href":"https:\/\/escorts-madrid.com\/fr\/wp-json\/wp\/v2\/users\/1"}],"replies":[{"embeddable":true,"href":"https:\/\/escorts-madrid.com\/fr\/wp-json\/wp\/v2\/comments?post=468"}],"version-history":[{"count":9,"href":"https:\/\/escorts-madrid.com\/fr\/wp-json\/wp\/v2\/pages\/468\/revisions"}],"predecessor-version":[{"id":5883,"href":"https:\/\/escorts-madrid.com\/fr\/wp-json\/wp\/v2\/pages\/468\/revisions\/5883"}],"wp:attachment":[{"href":"https:\/\/escorts-madrid.com\/fr\/wp-json\/wp\/v2\/media?parent=468"}],"curies":[{"name":"wp","href":"https:\/\/api.w.org\/{rel}","templated":true}]}}