{"id":487,"date":"2023-12-09T12:31:05","date_gmt":"2023-12-09T12:31:05","guid":{"rendered":"https:\/\/escorts-madrid.com\/a-propos-de-nous\/"},"modified":"2024-10-08T14:28:56","modified_gmt":"2024-10-08T14:28:56","slug":"a-propos-de-nous","status":"publish","type":"page","link":"https:\/\/escorts-madrid.com\/fr\/a-propos-de-nous\/","title":{"rendered":"A propos de nous"},"content":{"rendered":"<section class=\"l-section wpb_row us_custom_dd6c672d height_medium full_height valign_center color_primary with_img parallax_ver with_shape\"><div class=\"l-section-img lazyload\" role=\"img\" aria-label=\"Escort a domicilio Madrid\" data-img-width=\"1000\" data-img-height=\"725\" style=\"background-image:inherit;background-position: top center;\" data-bg-image=\"url(https:\/\/escorts-madrid.com\/wp-content\/uploads\/2023\/12\/agencia-escorts-madrid.jpg)\"><\/div><div class=\"l-section-overlay\" style=\"background:rgba(0,0,0,0.45)\"><\/div><div class=\"l-section-shape type_triangle pos_bottom\" style=\"height:15vmin;\"><svg xmlns=\"http:\/\/www.w3.org\/2000\/svg\" viewBox=\"0 0 64 8\" preserveAspectRatio=\"none\" width=\"100%\" height=\"100%\">\r\n\t<path fill=\"currentColor\" d=\"M64 8 L0 8 L0 0 L32 7.9 L64 0 Z\"\/>\r\n<\/svg><\/div><div class=\"l-section-h i-cf\"><div class=\"g-cols vc_row via_grid cols_1 laptops-cols_inherit tablets-cols_inherit mobiles-cols_1 valign_top type_default stacking_default\"><div class=\"wpb_column vc_column_container\"><div class=\"vc_column-inner\"><div class=\"w-text us_custom_1aae332f has_text_color icon_atleft\"><span class=\"w-text-h\"><i class=\"fas fa-heart\"><\/i><span class=\"w-text-value\">Des filles pour des \u00e9v\u00e9nements, partageant des hobbies, des voyages et des d\u00eeners.<\/span><\/span><\/div><div class=\"wpb_text_column\"><div class=\"wpb_wrapper\"><h1 style=\"text-align: center;\">A propos de nous<\/h1>\n<p style=\"text-align: center;\">D\u00e9couvrez nos valeurs en tant qu&rsquo;agence d&rsquo;escortes de luxe.<\/p>\n<\/div><\/div><div class=\"w-separator size_medium\"><\/div><div class=\"w-btn-wrapper align_center\"><a class=\"w-btn us-btn-style_1\" href=\"#1\"><span class=\"w-btn-label\">Plus d&#039;informations<\/span><\/a><\/div><\/div><\/div><\/div><\/div><\/section><section class=\"l-section wpb_row us_custom_dd6c672d height_huge\" id=\"1\"><div class=\"l-section-h i-cf\"><div class=\"g-cols vc_row via_grid cols_1 laptops-cols_inherit tablets-cols_inherit mobiles-cols_1 valign_top type_default stacking_default\"><div class=\"wpb_column vc_column_container\"><div class=\"vc_column-inner\"><div class=\"wpb_text_column\"><div class=\"wpb_wrapper\"><h2 style=\"text-align: center;\">Bienvenue<\/h2>\n<p style=\"text-align: center;\">Nous vous souhaitons la bienvenue chez <a href=\"https:\/\/escorts-madrid.com\/fr\/\">Escorts-Madrid<\/a>! Nous sommes une agence d&rsquo;escortes de luxe situ\u00e9e dans la belle ville de Madrid. Dans notre site exclusif, vous trouverez les femmes les plus charmantes et amicales, elles vous feront d\u00e9couvrir la ville de Madrid \u00e0 travers des \u00e9v\u00e9nements, des visites de mus\u00e9es, des d\u00eeners, en partageant des hobbies ou en sortant dans les meilleures bo\u00eetes de nuit de la ville.<\/p>\n<p style=\"text-align: center;\">Nos escortes se distinguent par leur intelligence et leur cr\u00e9ativit\u00e9, pr\u00eates \u00e0 partager leur temps avec vous et \u00e0 vous faire vivre une exp\u00e9rience inoubliable. Pour garantir la qualit\u00e9 de nos services, nous proc\u00e9dons \u00e0 une s\u00e9lection rigoureuse afin de choisir les escortes parfaites pour vos \u00e9v\u00e9nements, r\u00e9unions, d\u00eeners et voyages. Nous sommes l\u00e0 pour faire de vos moments sp\u00e9ciaux des moments vraiment exceptionnels.<\/p>\n<\/div><\/div><div class=\"w-separator us_custom_34e71bd9 has_text_color size_custom\" style=\"height:4vmax\" id=\"h34f\"><style><\/style><\/div><div class=\"g-cols wpb_row via_grid cols_4 laptops-cols_inherit tablets-cols_inherit mobiles-cols_1 valign_top type_default stacking_default\" style=\"--columns-gap:3rem;\"><div class=\"wpb_column vc_column_container\"><div class=\"vc_column-inner\"><div class=\"w-iconbox iconpos_top style_circle color_secondary align_center no_text\"><div class=\"w-iconbox-icon\" style=\"font-size:2rem;\"><i class=\"fas fa-heart\"><\/i><\/div><div class=\"w-iconbox-meta\"><h5 class=\"w-iconbox-title\">Citations romantiques<\/h5><\/div><\/div><\/div><\/div><div class=\"wpb_column vc_column_container\"><div class=\"vc_column-inner\"><div class=\"w-iconbox iconpos_top style_circle color_secondary align_center no_text\"><div class=\"w-iconbox-icon\" style=\"font-size:2rem;\"><i class=\"fas fa-star\"><\/i><\/div><div class=\"w-iconbox-meta\"><h5 class=\"w-iconbox-title\">Exp\u00e9riences de luxe<\/h5><\/div><\/div><\/div><\/div><div class=\"wpb_column vc_column_container\"><div class=\"vc_column-inner\"><div class=\"w-iconbox iconpos_top style_circle color_secondary align_center no_text\"><div class=\"w-iconbox-icon\" style=\"font-size:2rem;\"><i class=\"fas fa-clock\"><\/i><\/div><div class=\"w-iconbox-meta\"><h5 class=\"w-iconbox-title\">Attention 24\/7<\/h5><\/div><\/div><\/div><\/div><div class=\"wpb_column vc_column_container\"><div class=\"vc_column-inner\"><div class=\"w-iconbox iconpos_top style_circle color_secondary align_center no_text\"><div class=\"w-iconbox-icon\" style=\"font-size:2rem;\"><i class=\"fas fa-lock\"><\/i><\/div><div class=\"w-iconbox-meta\"><h5 class=\"w-iconbox-title\">Protection totale de la vie priv\u00e9e<\/h5><\/div><\/div><\/div><\/div><\/div><\/div><\/div><\/div><\/div><\/section><section class=\"l-section wpb_row height_huge color_secondary with_img parallax_ver\"><div class=\"l-section-img lazyload\" role=\"img\" aria-label=\"Image\" data-img-width=\"1000\" data-img-height=\"667\" style=\"background-image:inherit;\" data-bg-image=\"url(https:\/\/escorts-madrid.com\/wp-content\/uploads\/2023\/12\/escorts-de-lujo-en-madrid.jpg)\"><\/div><div class=\"l-section-overlay\" style=\"background:linear-gradient(90deg,#000,rgba(0,0,0,0.00))\"><\/div><div class=\"l-section-h i-cf\"><div class=\"g-cols vc_row via_grid cols_1 laptops-cols_inherit tablets-cols_1 mobiles-cols_1 valign_top type_default reversed stacking_default\" style=\"--columns-gap:0rem;\"><div class=\"wpb_column vc_column_container us_custom_fd43344c\"><div class=\"vc_column-inner\"><div class=\"w-text us_custom_c2f880d3 has_text_color\"><span class=\"w-text-h\"><span class=\"w-text-value\">D\u00e9couvrir Madrid autrement<\/span><\/span><\/div><div class=\"w-separator size_small\"><\/div><h1 class=\"w-text us_custom_842faaf7\"><span class=\"w-text-h\"><span class=\"w-text-value\">Personnes accompagnantes<br \/>\nde luxe \u00e0 Madrid<\/span><\/span><\/h1><div class=\"w-hwrapper valign_middle wrap align_none\" style=\"--hwrapper-gap:3rem\"><div class=\"w-btn-wrapper align_none\"><a class=\"w-btn us-btn-style_1 us_custom_0207f80c\" href=\"#contacto\"><span class=\"w-btn-label\">Prenez rendez-vous<\/span><\/a><\/div><div class=\"wpb_text_column us_custom_29eda462\"><div class=\"wpb_wrapper\"><p>Nous vous invitons \u00e0 d\u00e9couvrir notre agence d&rsquo;escortes \u00e0 Madrid, o\u00f9 vous pourrez r\u00e9aliser le rendez-vous de vos r\u00eaves avec les charmantes filles que vous trouverez sur notre site. N&rsquo;attendez plus et r\u00e9servez d\u00e8s maintenant pour vivre une exp\u00e9rience inoubliable.<\/p>\n<\/div><\/div><\/div><\/div><\/div><\/div><\/div><\/section><section class=\"l-section wpb_row height_auto\"><div class=\"l-section-h i-cf\"><div class=\"g-cols vc_row via_grid cols_2 laptops-cols_inherit tablets-cols_1 mobiles-cols_1 valign_middle type_default stacking_default\" style=\"--columns-gap:0px;\"><div class=\"wpb_column vc_column_container\"><div class=\"vc_column-inner\"><div class=\"w-separator size_huge\"><\/div><div class=\"wpb_text_column us_custom_bc4b2cb4\"><div class=\"wpb_wrapper\"><h3>Nos valeurs<\/h3>\n<p>Chez Escorts-Madrid, nous nous engageons \u00e0 assurer la discr\u00e9tion, la confidentialit\u00e9, la transparence et la v\u00e9rit\u00e9 dans tous nos services. Nous garantissons une confidentialit\u00e9 absolue \u00e0 tous nos clients, assurant ainsi la tranquillit\u00e9 d&rsquo;esprit et la confiance dans toutes nos conversations et r\u00e9servations.<\/p>\n<p>En termes de transparence et de v\u00e9racit\u00e9, toutes les photographies de nos mod\u00e8les sont 100% r\u00e9elles, mises \u00e0 jour et captur\u00e9es le plus naturellement possible. Le mod\u00e8le avec lequel vous r\u00e9servez par le biais de notre site web sera le m\u00eame que celui avec lequel vous aurez un rendez-vous, sans surprise ni tromperie. Nous nous effor\u00e7ons de maintenir des normes \u00e9lev\u00e9es de qualit\u00e9 et d&rsquo;honn\u00eatet\u00e9 \u00e0 tout moment.<\/p>\n<\/div><\/div><div class=\"w-separator size_huge\"><\/div><\/div><\/div><div class=\"wpb_column vc_column_container us_custom_27495318 has_bg_color stretched\"><div class=\"vc_column-inner\"><\/div><\/div><\/div><\/div><\/section>\n","protected":false},"excerpt":{"rendered":"Des filles pour des \u00e9v\u00e9nements, partageant des hobbies, des voyages et des d\u00eeners.A propos de nous D\u00e9couvrez nos valeurs en tant qu&rsquo;agence d&rsquo;escortes de luxe. Plus d&#039;informationsBienvenue Nous vous souhaitons la bienvenue chez Escorts-Madrid! Nous sommes une agence d&rsquo;escortes de luxe situ\u00e9e dans la belle ville de Madrid. Dans notre site exclusif, vous trouverez les...","protected":false},"author":1,"featured_media":0,"parent":0,"menu_order":0,"comment_status":"closed","ping_status":"closed","template":"","meta":{"_joinchat":[],"footnotes":""},"class_list":["post-487","page","type-page","status-publish","hentry"],"yoast_head":"<!-- This site is optimized with the Yoast SEO plugin v27.0 - https:\/\/yoast.com\/product\/yoast-seo-wordpress\/ -->\n<title>A propos de nous | Escorts-Madrid.com<\/title>\n<meta name=\"robots\" content=\"noindex, follow\" \/>\n<meta property=\"og:locale\" content=\"fr_FR\" \/>\n<meta property=\"og:type\" content=\"article\" \/>\n<meta property=\"og:title\" content=\"A propos de nous | Escorts-Madrid.com\" \/>\n<meta property=\"og:url\" content=\"https:\/\/escorts-madrid.com\/fr\/a-propos-de-nous\/\" \/>\n<meta property=\"og:site_name\" content=\"Escorts-Madrid.com\" \/>\n<meta property=\"article:modified_time\" content=\"2024-10-08T14:28:56+00:00\" \/>\n<meta property=\"og:image\" content=\"https:\/\/escorts-madrid.com\/wp-content\/uploads\/2025\/01\/chicas-de-lujo-en-madrid.jpg\" \/>\n\t<meta property=\"og:image:width\" content=\"1000\" \/>\n\t<meta property=\"og:image:height\" content=\"684\" \/>\n\t<meta property=\"og:image:type\" content=\"image\/jpeg\" \/>\n<meta name=\"twitter:card\" content=\"summary_large_image\" \/>\n<meta name=\"twitter:label1\" content=\"Dur\u00e9e de lecture estim\u00e9e\" \/>\n\t<meta name=\"twitter:data1\" content=\"6 minutes\" \/>\n<script type=\"application\/ld+json\" class=\"yoast-schema-graph\">{\"@context\":\"https:\/\/schema.org\",\"@graph\":[{\"@type\":\"WebPage\",\"@id\":\"https:\/\/escorts-madrid.com\/fr\/a-propos-de-nous\/\",\"url\":\"https:\/\/escorts-madrid.com\/fr\/a-propos-de-nous\/\",\"name\":\"A propos de nous | Escorts-Madrid.com\",\"isPartOf\":{\"@id\":\"https:\/\/escorts-madrid.com\/fr\/#website\"},\"datePublished\":\"2023-12-09T12:31:05+00:00\",\"dateModified\":\"2024-10-08T14:28:56+00:00\",\"breadcrumb\":{\"@id\":\"https:\/\/escorts-madrid.com\/fr\/a-propos-de-nous\/#breadcrumb\"},\"inLanguage\":\"fr-FR\",\"potentialAction\":[{\"@type\":\"ReadAction\",\"target\":[\"https:\/\/escorts-madrid.com\/fr\/a-propos-de-nous\/\"]}]},{\"@type\":\"BreadcrumbList\",\"@id\":\"https:\/\/escorts-madrid.com\/fr\/a-propos-de-nous\/#breadcrumb\",\"itemListElement\":[{\"@type\":\"ListItem\",\"position\":1,\"name\":\"Inicio\",\"item\":\"https:\/\/escorts-madrid.com\/fr\/escort-madrid\/\"},{\"@type\":\"ListItem\",\"position\":2,\"name\":\"A propos de nous\"}]},{\"@type\":\"WebSite\",\"@id\":\"https:\/\/escorts-madrid.com\/fr\/#website\",\"url\":\"https:\/\/escorts-madrid.com\/fr\/\",\"name\":\"Escorts-Madrid\",\"description\":\"Agencia de escorts Madrid\",\"publisher\":{\"@id\":\"https:\/\/escorts-madrid.com\/fr\/#organization\"},\"alternateName\":\"Escorts-Madrid.com\",\"potentialAction\":[{\"@type\":\"SearchAction\",\"target\":{\"@type\":\"EntryPoint\",\"urlTemplate\":\"https:\/\/escorts-madrid.com\/fr\/?s={search_term_string}\"},\"query-input\":{\"@type\":\"PropertyValueSpecification\",\"valueRequired\":true,\"valueName\":\"search_term_string\"}}],\"inLanguage\":\"fr-FR\"},{\"@type\":\"Organization\",\"@id\":\"https:\/\/escorts-madrid.com\/fr\/#organization\",\"name\":\"Escorts-Madrid.com\",\"alternateName\":\"Escorts-Madrid\",\"url\":\"https:\/\/escorts-madrid.com\/fr\/\",\"logo\":{\"@type\":\"ImageObject\",\"inLanguage\":\"fr-FR\",\"@id\":\"https:\/\/escorts-madrid.com\/fr\/#\/schema\/logo\/image\/\",\"url\":\"https:\/\/escorts-madrid.com\/wp-content\/uploads\/2023\/12\/logo-ok.png\",\"contentUrl\":\"https:\/\/escorts-madrid.com\/wp-content\/uploads\/2023\/12\/logo-ok.png\",\"width\":454,\"height\":170,\"caption\":\"Escorts-Madrid.com\"},\"image\":{\"@id\":\"https:\/\/escorts-madrid.com\/fr\/#\/schema\/logo\/image\/\"}}]}<\/script>\n<!-- \/ Yoast SEO plugin. -->","yoast_head_json":{"title":"A propos de nous | Escorts-Madrid.com","robots":{"index":"noindex","follow":"follow"},"og_locale":"fr_FR","og_type":"article","og_title":"A propos de nous | Escorts-Madrid.com","og_url":"https:\/\/escorts-madrid.com\/fr\/a-propos-de-nous\/","og_site_name":"Escorts-Madrid.com","article_modified_time":"2024-10-08T14:28:56+00:00","og_image":[{"width":1000,"height":684,"url":"https:\/\/escorts-madrid.com\/wp-content\/uploads\/2025\/01\/chicas-de-lujo-en-madrid.jpg","type":"image\/jpeg"}],"twitter_card":"summary_large_image","twitter_misc":{"Dur\u00e9e de lecture estim\u00e9e":"6 minutes"},"schema":{"@context":"https:\/\/schema.org","@graph":[{"@type":"WebPage","@id":"https:\/\/escorts-madrid.com\/fr\/a-propos-de-nous\/","url":"https:\/\/escorts-madrid.com\/fr\/a-propos-de-nous\/","name":"A propos de nous | Escorts-Madrid.com","isPartOf":{"@id":"https:\/\/escorts-madrid.com\/fr\/#website"},"datePublished":"2023-12-09T12:31:05+00:00","dateModified":"2024-10-08T14:28:56+00:00","breadcrumb":{"@id":"https:\/\/escorts-madrid.com\/fr\/a-propos-de-nous\/#breadcrumb"},"inLanguage":"fr-FR","potentialAction":[{"@type":"ReadAction","target":["https:\/\/escorts-madrid.com\/fr\/a-propos-de-nous\/"]}]},{"@type":"BreadcrumbList","@id":"https:\/\/escorts-madrid.com\/fr\/a-propos-de-nous\/#breadcrumb","itemListElement":[{"@type":"ListItem","position":1,"name":"Inicio","item":"https:\/\/escorts-madrid.com\/fr\/escort-madrid\/"},{"@type":"ListItem","position":2,"name":"A propos de nous"}]},{"@type":"WebSite","@id":"https:\/\/escorts-madrid.com\/fr\/#website","url":"https:\/\/escorts-madrid.com\/fr\/","name":"Escorts-Madrid","description":"Agencia de escorts Madrid","publisher":{"@id":"https:\/\/escorts-madrid.com\/fr\/#organization"},"alternateName":"Escorts-Madrid.com","potentialAction":[{"@type":"SearchAction","target":{"@type":"EntryPoint","urlTemplate":"https:\/\/escorts-madrid.com\/fr\/?s={search_term_string}"},"query-input":{"@type":"PropertyValueSpecification","valueRequired":true,"valueName":"search_term_string"}}],"inLanguage":"fr-FR"},{"@type":"Organization","@id":"https:\/\/escorts-madrid.com\/fr\/#organization","name":"Escorts-Madrid.com","alternateName":"Escorts-Madrid","url":"https:\/\/escorts-madrid.com\/fr\/","logo":{"@type":"ImageObject","inLanguage":"fr-FR","@id":"https:\/\/escorts-madrid.com\/fr\/#\/schema\/logo\/image\/","url":"https:\/\/escorts-madrid.com\/wp-content\/uploads\/2023\/12\/logo-ok.png","contentUrl":"https:\/\/escorts-madrid.com\/wp-content\/uploads\/2023\/12\/logo-ok.png","width":454,"height":170,"caption":"Escorts-Madrid.com"},"image":{"@id":"https:\/\/escorts-madrid.com\/fr\/#\/schema\/logo\/image\/"}}]}},"_links":{"self":[{"href":"https:\/\/escorts-madrid.com\/fr\/wp-json\/wp\/v2\/pages\/487","targetHints":{"allow":["GET"]}}],"collection":[{"href":"https:\/\/escorts-madrid.com\/fr\/wp-json\/wp\/v2\/pages"}],"about":[{"href":"https:\/\/escorts-madrid.com\/fr\/wp-json\/wp\/v2\/types\/page"}],"author":[{"embeddable":true,"href":"https:\/\/escorts-madrid.com\/fr\/wp-json\/wp\/v2\/users\/1"}],"replies":[{"embeddable":true,"href":"https:\/\/escorts-madrid.com\/fr\/wp-json\/wp\/v2\/comments?post=487"}],"version-history":[{"count":0,"href":"https:\/\/escorts-madrid.com\/fr\/wp-json\/wp\/v2\/pages\/487\/revisions"}],"wp:attachment":[{"href":"https:\/\/escorts-madrid.com\/fr\/wp-json\/wp\/v2\/media?parent=487"}],"curies":[{"name":"wp","href":"https:\/\/api.w.org\/{rel}","templated":true}]}}